{"id":136,"date":"2024-05-07T14:21:10","date_gmt":"2024-05-07T12:21:10","guid":{"rendered":"https:\/\/bastidesigalas.fr\/?page_id=136"},"modified":"2026-03-02T16:05:47","modified_gmt":"2026-03-02T15:05:47","slug":"les-espaces-a-votre-disposition","status":"publish","type":"page","link":"https:\/\/bastidesigalas.fr\/?page_id=136","title":{"rendered":"Les espaces \u00e0 votre disposition"},"content":{"rendered":"\n<figure class=\"wp-block-gallery has-nested-images columns-default is-cropped wp-block-gallery-1 is-layout-flex wp-block-gallery-is-layout-flex\">\n<figure class=\"wp-block-image size-large is-style-rounded\"><img loading=\"lazy\" decoding=\"async\" width=\"1024\" height=\"683\" data-id=\"363\" src=\"https:\/\/bastidesigalas.fr\/wp-content\/uploads\/2024\/06\/Z9D6531-1024x683.jpg\" alt=\"\" class=\"wp-image-363\" srcset=\"https:\/\/bastidesigalas.fr\/wp-content\/uploads\/2024\/06\/Z9D6531-1024x683.jpg 1024w, https:\/\/bastidesigalas.fr\/wp-content\/uploads\/2024\/06\/Z9D6531-300x200.jpg 300w, https:\/\/bastidesigalas.fr\/wp-content\/uploads\/2024\/06\/Z9D6531-768x512.jpg 768w, https:\/\/bastidesigalas.fr\/wp-content\/uploads\/2024\/06\/Z9D6531-1536x1024.jpg 1536w, https:\/\/bastidesigalas.fr\/wp-content\/uploads\/2024\/06\/Z9D6531-2048x1366.jpg 2048w\" sizes=\"auto, (max-width: 1024px) 100vw, 1024px\" \/><\/figure>\n\n\n\n<figure class=\"wp-block-image size-large is-style-rounded\"><img loading=\"lazy\" decoding=\"async\" width=\"1024\" height=\"683\" data-id=\"361\" src=\"https:\/\/bastidesigalas.fr\/wp-content\/uploads\/2024\/06\/Z9D6536-1024x683.jpg\" alt=\"\" class=\"wp-image-361\" srcset=\"https:\/\/bastidesigalas.fr\/wp-content\/uploads\/2024\/06\/Z9D6536-1024x683.jpg 1024w, https:\/\/bastidesigalas.fr\/wp-content\/uploads\/2024\/06\/Z9D6536-300x200.jpg 300w, https:\/\/bastidesigalas.fr\/wp-content\/uploads\/2024\/06\/Z9D6536-768x512.jpg 768w, https:\/\/bastidesigalas.fr\/wp-content\/uploads\/2024\/06\/Z9D6536-1536x1024.jpg 1536w, https:\/\/bastidesigalas.fr\/wp-content\/uploads\/2024\/06\/Z9D6536-2048x1366.jpg 2048w\" sizes=\"auto, (max-width: 1024px) 100vw, 1024px\" \/><\/figure>\n\n\n\n<figure class=\"wp-block-image size-large is-style-rounded\"><img loading=\"lazy\" decoding=\"async\" width=\"1024\" height=\"683\" data-id=\"364\" src=\"https:\/\/bastidesigalas.fr\/wp-content\/uploads\/2024\/06\/Z9D6539-1024x683.jpg\" alt=\"\" class=\"wp-image-364\" srcset=\"https:\/\/bastidesigalas.fr\/wp-content\/uploads\/2024\/06\/Z9D6539-1024x683.jpg 1024w, https:\/\/bastidesigalas.fr\/wp-content\/uploads\/2024\/06\/Z9D6539-300x200.jpg 300w, https:\/\/bastidesigalas.fr\/wp-content\/uploads\/2024\/06\/Z9D6539-768x512.jpg 768w, https:\/\/bastidesigalas.fr\/wp-content\/uploads\/2024\/06\/Z9D6539-1536x1024.jpg 1536w, https:\/\/bastidesigalas.fr\/wp-content\/uploads\/2024\/06\/Z9D6539-2048x1366.jpg 2048w\" sizes=\"auto, (max-width: 1024px) 100vw, 1024px\" \/><\/figure>\n\n\n\n<figure class=\"wp-block-image size-large is-style-rounded\"><img loading=\"lazy\" decoding=\"async\" width=\"1024\" height=\"683\" data-id=\"362\" src=\"https:\/\/bastidesigalas.fr\/wp-content\/uploads\/2024\/06\/Z9D6541-1-1024x683.jpg\" alt=\"\" class=\"wp-image-362\" srcset=\"https:\/\/bastidesigalas.fr\/wp-content\/uploads\/2024\/06\/Z9D6541-1-1024x683.jpg 1024w, https:\/\/bastidesigalas.fr\/wp-content\/uploads\/2024\/06\/Z9D6541-1-300x200.jpg 300w, https:\/\/bastidesigalas.fr\/wp-content\/uploads\/2024\/06\/Z9D6541-1-768x512.jpg 768w, https:\/\/bastidesigalas.fr\/wp-content\/uploads\/2024\/06\/Z9D6541-1-1536x1024.jpg 1536w, https:\/\/bastidesigalas.fr\/wp-content\/uploads\/2024\/06\/Z9D6541-1-2048x1366.jpg 2048w\" sizes=\"auto, (max-width: 1024px) 100vw, 1024px\" \/><\/figure>\n<\/figure>\n\n\n\n<p class=\"has-medium-font-size\" style=\"text-transform:none\">Les espaces communs sont situ\u00e9s au rez-de-chauss\u00e9e et disposent d&rsquo;un acc\u00e9s direct \u00e0 la cour int\u00e9rieure, au jardin et \u00e0 la piscine. <\/p>\n\n\n\n<p class=\"has-medium-font-size\" style=\"text-transform:none\">L\u2019ensemble, chambres et espaces communs, peut \u00eatre privatis\u00e9 en format g\u00eete \u00e0 la demande pour des r\u00e9unions familiales, des f\u00eates d\u2019anniversaire, des s\u00e9minaires, des activit\u00e9s de groupe \u2026<\/p>\n\n\n\n<h2 class=\"wp-block-heading\" style=\"text-transform:none\">Le salon <\/h2>\n\n\n\n<p class=\"has-medium-font-size\" style=\"text-transform:none\">A votre disposition pour des soir\u00e9es entre amis ou en famille, lieu de lecture et d\u2019\u00e9changes, cette pi\u00e8ce est \u00e9quip\u00e9e d\u2019un po\u00eble \u00e0 bois, d\u2019une biblioth\u00e8que, d\u2019une t\u00e9l\u00e9vision et d\u2019un canap\u00e9 confortable.<\/p>\n\n\n\n<figure class=\"wp-block-gallery has-nested-images columns-default is-cropped wp-block-gallery-2 is-layout-flex wp-block-gallery-is-layout-flex\">\n<figure class=\"wp-block-image size-large is-style-rounded\"><img loading=\"lazy\" decoding=\"async\" width=\"1024\" height=\"683\" data-id=\"419\" src=\"https:\/\/bastidesigalas.fr\/wp-content\/uploads\/2024\/06\/Z9D6477-1024x683.jpg\" alt=\"\" class=\"wp-image-419\" srcset=\"https:\/\/bastidesigalas.fr\/wp-content\/uploads\/2024\/06\/Z9D6477-1024x683.jpg 1024w, https:\/\/bastidesigalas.fr\/wp-content\/uploads\/2024\/06\/Z9D6477-300x200.jpg 300w, https:\/\/bastidesigalas.fr\/wp-content\/uploads\/2024\/06\/Z9D6477-768x512.jpg 768w, https:\/\/bastidesigalas.fr\/wp-content\/uploads\/2024\/06\/Z9D6477-1536x1024.jpg 1536w, https:\/\/bastidesigalas.fr\/wp-content\/uploads\/2024\/06\/Z9D6477-2048x1366.jpg 2048w\" sizes=\"auto, (max-width: 1024px) 100vw, 1024px\" \/><\/figure>\n\n\n\n<figure class=\"wp-block-image size-large is-style-rounded\"><img loading=\"lazy\" decoding=\"async\" width=\"1024\" height=\"683\" data-id=\"418\" src=\"https:\/\/bastidesigalas.fr\/wp-content\/uploads\/2024\/06\/Z9D6478-1024x683.jpg\" alt=\"\" class=\"wp-image-418\" srcset=\"https:\/\/bastidesigalas.fr\/wp-content\/uploads\/2024\/06\/Z9D6478-1024x683.jpg 1024w, https:\/\/bastidesigalas.fr\/wp-content\/uploads\/2024\/06\/Z9D6478-300x200.jpg 300w, https:\/\/bastidesigalas.fr\/wp-content\/uploads\/2024\/06\/Z9D6478-768x512.jpg 768w, https:\/\/bastidesigalas.fr\/wp-content\/uploads\/2024\/06\/Z9D6478-1536x1024.jpg 1536w, https:\/\/bastidesigalas.fr\/wp-content\/uploads\/2024\/06\/Z9D6478-2048x1366.jpg 2048w\" sizes=\"auto, (max-width: 1024px) 100vw, 1024px\" \/><\/figure>\n\n\n\n<figure class=\"wp-block-image size-large is-style-rounded\"><img loading=\"lazy\" decoding=\"async\" width=\"1024\" height=\"459\" data-id=\"74\" src=\"https:\/\/bastidesigalas.fr\/wp-content\/uploads\/2024\/04\/IMG20240307134546-1024x459.jpg\" alt=\"le salon\" class=\"wp-image-74\" srcset=\"https:\/\/bastidesigalas.fr\/wp-content\/uploads\/2024\/04\/IMG20240307134546-1024x459.jpg 1024w, https:\/\/bastidesigalas.fr\/wp-content\/uploads\/2024\/04\/IMG20240307134546-300x134.jpg 300w, https:\/\/bastidesigalas.fr\/wp-content\/uploads\/2024\/04\/IMG20240307134546-768x344.jpg 768w, https:\/\/bastidesigalas.fr\/wp-content\/uploads\/2024\/04\/IMG20240307134546-1536x688.jpg 1536w, https:\/\/bastidesigalas.fr\/wp-content\/uploads\/2024\/04\/IMG20240307134546-2048x917.jpg 2048w\" sizes=\"auto, (max-width: 1024px) 100vw, 1024px\" \/><\/figure>\n<\/figure>\n\n\n\n<h2 class=\"wp-block-heading\" style=\"text-transform:none\">La salle \u00e0 manger<\/h2>\n\n\n\n<p class=\"has-medium-font-size\" style=\"text-transform:none\">Dans la partie vout\u00e9e de la maison, son charme favorise la convivialit\u00e9. <\/p>\n\n\n\n<div class=\"wp-block-group\"><div class=\"wp-block-group__inner-container is-layout-constrained wp-block-group-is-layout-constrained\">\n<div class=\"wp-block-columns is-layout-flex wp-container-core-columns-is-layout-9d6595d7 wp-block-columns-is-layout-flex\">\n<div class=\"wp-block-column is-layout-flow wp-block-column-is-layout-flow\">\n<figure class=\"wp-block-image size-large is-style-rounded\"><img loading=\"lazy\" decoding=\"async\" width=\"1024\" height=\"717\" src=\"http:\/\/bastidesigalas.fr\/wp-content\/uploads\/2024\/04\/IMG_20240317_114549-1-1024x717.jpg\" alt=\"\" class=\"wp-image-75\" srcset=\"https:\/\/bastidesigalas.fr\/wp-content\/uploads\/2024\/04\/IMG_20240317_114549-1-1024x717.jpg 1024w, https:\/\/bastidesigalas.fr\/wp-content\/uploads\/2024\/04\/IMG_20240317_114549-1-300x210.jpg 300w, https:\/\/bastidesigalas.fr\/wp-content\/uploads\/2024\/04\/IMG_20240317_114549-1-768x538.jpg 768w, https:\/\/bastidesigalas.fr\/wp-content\/uploads\/2024\/04\/IMG_20240317_114549-1-1536x1076.jpg 1536w, https:\/\/bastidesigalas.fr\/wp-content\/uploads\/2024\/04\/IMG_20240317_114549-1-2048x1435.jpg 2048w\" sizes=\"auto, (max-width: 1024px) 100vw, 1024px\" \/><\/figure>\n<\/div>\n\n\n\n<div class=\"wp-block-column is-layout-flow wp-block-column-is-layout-flow\"><div class=\"wp-block-image is-style-rounded\">\n<figure class=\"aligncenter size-large is-resized\"><img loading=\"lazy\" decoding=\"async\" width=\"459\" height=\"1024\" src=\"http:\/\/bastidesigalas.fr\/wp-content\/uploads\/2024\/05\/IMG20240317113740-459x1024.jpg\" alt=\"\" class=\"wp-image-140\" style=\"width:206px;height:auto\" srcset=\"https:\/\/bastidesigalas.fr\/wp-content\/uploads\/2024\/05\/IMG20240317113740-459x1024.jpg 459w, https:\/\/bastidesigalas.fr\/wp-content\/uploads\/2024\/05\/IMG20240317113740-134x300.jpg 134w, https:\/\/bastidesigalas.fr\/wp-content\/uploads\/2024\/05\/IMG20240317113740-768x1715.jpg 768w, https:\/\/bastidesigalas.fr\/wp-content\/uploads\/2024\/05\/IMG20240317113740-688x1536.jpg 688w, https:\/\/bastidesigalas.fr\/wp-content\/uploads\/2024\/05\/IMG20240317113740-917x2048.jpg 917w, https:\/\/bastidesigalas.fr\/wp-content\/uploads\/2024\/05\/IMG20240317113740-scaled.jpg 1146w\" sizes=\"auto, (max-width: 459px) 100vw, 459px\" \/><\/figure>\n<\/div><\/div>\n<\/div>\n<\/div><\/div>\n\n\n\n<h2 class=\"wp-block-heading\" style=\"text-transform:none\">La cuisine<\/h2>\n\n\n\n<p><\/p>\n\n\n\n<p class=\"has-medium-font-size\" style=\"text-transform:none\">Dans le prolongement de la salle \u00e0 manger, lieu de pr\u00e9paration et de service du petit d\u00e9jeuner, des d\u00eeners table d\u2019h\u00f4te et des repas s\u00e9minaires.<\/p>\n\n\n\n<figure class=\"wp-block-gallery has-nested-images columns-default is-cropped wp-block-gallery-3 is-layout-flex wp-block-gallery-is-layout-flex\">\n<figure class=\"wp-block-image size-large is-style-rounded\"><img loading=\"lazy\" decoding=\"async\" width=\"1024\" height=\"683\" data-id=\"417\" src=\"https:\/\/bastidesigalas.fr\/wp-content\/uploads\/2024\/06\/Z9D6465-1024x683.jpg\" alt=\"\" class=\"wp-image-417\" srcset=\"https:\/\/bastidesigalas.fr\/wp-content\/uploads\/2024\/06\/Z9D6465-1024x683.jpg 1024w, https:\/\/bastidesigalas.fr\/wp-content\/uploads\/2024\/06\/Z9D6465-300x200.jpg 300w, https:\/\/bastidesigalas.fr\/wp-content\/uploads\/2024\/06\/Z9D6465-768x512.jpg 768w, https:\/\/bastidesigalas.fr\/wp-content\/uploads\/2024\/06\/Z9D6465-1536x1024.jpg 1536w, https:\/\/bastidesigalas.fr\/wp-content\/uploads\/2024\/06\/Z9D6465-2048x1366.jpg 2048w\" sizes=\"auto, (max-width: 1024px) 100vw, 1024px\" \/><\/figure>\n\n\n\n<figure class=\"wp-block-image size-large is-style-rounded\"><img loading=\"lazy\" decoding=\"async\" width=\"1024\" height=\"683\" data-id=\"416\" src=\"https:\/\/bastidesigalas.fr\/wp-content\/uploads\/2024\/06\/Z9D6469-1024x683.jpg\" alt=\"\" class=\"wp-image-416\" srcset=\"https:\/\/bastidesigalas.fr\/wp-content\/uploads\/2024\/06\/Z9D6469-1024x683.jpg 1024w, https:\/\/bastidesigalas.fr\/wp-content\/uploads\/2024\/06\/Z9D6469-300x200.jpg 300w, https:\/\/bastidesigalas.fr\/wp-content\/uploads\/2024\/06\/Z9D6469-768x512.jpg 768w, https:\/\/bastidesigalas.fr\/wp-content\/uploads\/2024\/06\/Z9D6469-1536x1024.jpg 1536w, https:\/\/bastidesigalas.fr\/wp-content\/uploads\/2024\/06\/Z9D6469-2048x1366.jpg 2048w\" sizes=\"auto, (max-width: 1024px) 100vw, 1024px\" \/><\/figure>\n<\/figure>\n\n\n\n<p class=\"has-medium-font-size\" style=\"text-transform:none\">A votre disposition quand la table d\u2019h\u00f4te n\u2019est pas propos\u00e9e ou pour vos d\u00e9jeuners (selon les r\u00e8gles d\u2019utilisation et de savoir-vivre ensemble)<\/p>\n\n\n\n<h2 class=\"wp-block-heading\" style=\"text-transform:none\">La terrasse<\/h2>\n\n\n\n<p class=\"has-medium-font-size\" style=\"text-transform:none\">Pour un petit-d\u00e9jeuner, un d\u00eener ou tout simplement pour un moment de repos.<br>Equip\u00e9e d\u2019un espace plancha \u00e0 votre disposition(selon les r\u00e8gles d\u2019utilisation et de savoir-vivre ensemble)<\/p>\n\n\n\n<figure class=\"wp-block-image size-large is-style-rounded\"><img loading=\"lazy\" decoding=\"async\" width=\"1024\" height=\"683\" src=\"https:\/\/bastidesigalas.fr\/wp-content\/uploads\/2024\/06\/Z9D6446-1024x683.jpg\" alt=\"\" class=\"wp-image-358\" srcset=\"https:\/\/bastidesigalas.fr\/wp-content\/uploads\/2024\/06\/Z9D6446-1024x683.jpg 1024w, https:\/\/bastidesigalas.fr\/wp-content\/uploads\/2024\/06\/Z9D6446-300x200.jpg 300w, https:\/\/bastidesigalas.fr\/wp-content\/uploads\/2024\/06\/Z9D6446-768x512.jpg 768w, https:\/\/bastidesigalas.fr\/wp-content\/uploads\/2024\/06\/Z9D6446-1536x1024.jpg 1536w, https:\/\/bastidesigalas.fr\/wp-content\/uploads\/2024\/06\/Z9D6446-2048x1366.jpg 2048w\" sizes=\"auto, (max-width: 1024px) 100vw, 1024px\" \/><\/figure>\n\n\n\n<h2 class=\"wp-block-heading\" style=\"text-transform:none\">Le coin Bras\u00e9ro<\/h2>\n\n\n\n<p class=\"has-medium-font-size\" style=\"text-transform:none\">En contre-bas de la terrasse, pour des discussions au coin du feu, des grillades de chamallows accompagn\u00e9 d&rsquo;un bon verre de &#8230; ce qui vous fera plaisir !<\/p>\n\n\n\n<figure class=\"wp-block-gallery has-nested-images columns-default is-cropped wp-block-gallery-4 is-layout-flex wp-block-gallery-is-layout-flex\">\n<figure class=\"wp-block-image size-large is-style-rounded\"><img loading=\"lazy\" decoding=\"async\" width=\"1024\" height=\"683\" data-id=\"356\" src=\"https:\/\/bastidesigalas.fr\/wp-content\/uploads\/2024\/06\/Z9D6460-1024x683.jpg\" alt=\"\" class=\"wp-image-356\" srcset=\"https:\/\/bastidesigalas.fr\/wp-content\/uploads\/2024\/06\/Z9D6460-1024x683.jpg 1024w, https:\/\/bastidesigalas.fr\/wp-content\/uploads\/2024\/06\/Z9D6460-300x200.jpg 300w, https:\/\/bastidesigalas.fr\/wp-content\/uploads\/2024\/06\/Z9D6460-768x512.jpg 768w, https:\/\/bastidesigalas.fr\/wp-content\/uploads\/2024\/06\/Z9D6460-1536x1024.jpg 1536w, https:\/\/bastidesigalas.fr\/wp-content\/uploads\/2024\/06\/Z9D6460-2048x1366.jpg 2048w\" sizes=\"auto, (max-width: 1024px) 100vw, 1024px\" \/><\/figure>\n\n\n\n<figure class=\"wp-block-image size-large is-style-rounded\"><img loading=\"lazy\" decoding=\"async\" width=\"1024\" height=\"768\" data-id=\"346\" src=\"https:\/\/bastidesigalas.fr\/wp-content\/uploads\/2024\/06\/IMG20240616192200-1024x768.jpg\" alt=\"espace Brasero\" class=\"wp-image-346\" srcset=\"https:\/\/bastidesigalas.fr\/wp-content\/uploads\/2024\/06\/IMG20240616192200-1024x768.jpg 1024w, https:\/\/bastidesigalas.fr\/wp-content\/uploads\/2024\/06\/IMG20240616192200-300x225.jpg 300w, https:\/\/bastidesigalas.fr\/wp-content\/uploads\/2024\/06\/IMG20240616192200-768x576.jpg 768w, https:\/\/bastidesigalas.fr\/wp-content\/uploads\/2024\/06\/IMG20240616192200-1536x1152.jpg 1536w, https:\/\/bastidesigalas.fr\/wp-content\/uploads\/2024\/06\/IMG20240616192200-2048x1536.jpg 2048w\" sizes=\"auto, (max-width: 1024px) 100vw, 1024px\" \/><\/figure>\n\n\n\n<figure class=\"wp-block-image size-large is-style-rounded\"><img loading=\"lazy\" decoding=\"async\" width=\"768\" height=\"1024\" data-id=\"345\" src=\"https:\/\/bastidesigalas.fr\/wp-content\/uploads\/2024\/06\/IMG20240616192213-768x1024.jpg\" alt=\"espace Brasero\" class=\"wp-image-345\" srcset=\"https:\/\/bastidesigalas.fr\/wp-content\/uploads\/2024\/06\/IMG20240616192213-768x1024.jpg 768w, https:\/\/bastidesigalas.fr\/wp-content\/uploads\/2024\/06\/IMG20240616192213-225x300.jpg 225w, https:\/\/bastidesigalas.fr\/wp-content\/uploads\/2024\/06\/IMG20240616192213-1152x1536.jpg 1152w, https:\/\/bastidesigalas.fr\/wp-content\/uploads\/2024\/06\/IMG20240616192213-1536x2048.jpg 1536w, https:\/\/bastidesigalas.fr\/wp-content\/uploads\/2024\/06\/IMG20240616192213-scaled.jpg 1920w\" sizes=\"auto, (max-width: 768px) 100vw, 768px\" \/><\/figure>\n<\/figure>\n\n\n\n<h2 class=\"wp-block-heading\" style=\"text-transform:none\">Le jardin et la piscine<\/h2>\n\n\n\n<p class=\"has-medium-font-size\" style=\"text-transform:none\">Un espace <ins>j<\/ins>ardin de 800 m2, un terrain de boules, une piscine de 6x12m dot\u00e9s de parasols et transats confortables, une terrasse en bois, des hamacs sont\u00a0 \u00e0 votre disposition pour profiter pleinement du lieu avec une vue sur les C\u00e9vennes et le puech.<\/p>\n\n\n\n<p class=\"has-medium-font-size\" style=\"text-transform:none\">Profitez de ces lieux de d\u00e9tente pour vous reposer, lire, bronzer, \u00e9changer autour d\u2019un verre et aussi m\u00e9diter.<\/p>\n\n\n\n<p class=\"has-small-font-size\" style=\"text-transform:none\"><strong><em>La piscine, non chauff\u00e9e,  est disponible du 15 juin au 15 septembre. <\/em><\/strong><\/p>\n\n\n\n<figure class=\"wp-block-gallery has-nested-images columns-default is-cropped wp-block-gallery-5 is-layout-flex wp-block-gallery-is-layout-flex\">\n<figure class=\"wp-block-image size-large is-style-rounded\"><img loading=\"lazy\" decoding=\"async\" width=\"1024\" height=\"683\" data-id=\"354\" src=\"https:\/\/bastidesigalas.fr\/wp-content\/uploads\/2024\/06\/Z9D6447-1024x683.jpg\" alt=\"\" class=\"wp-image-354\" srcset=\"https:\/\/bastidesigalas.fr\/wp-content\/uploads\/2024\/06\/Z9D6447-1024x683.jpg 1024w, https:\/\/bastidesigalas.fr\/wp-content\/uploads\/2024\/06\/Z9D6447-300x200.jpg 300w, https:\/\/bastidesigalas.fr\/wp-content\/uploads\/2024\/06\/Z9D6447-768x512.jpg 768w, https:\/\/bastidesigalas.fr\/wp-content\/uploads\/2024\/06\/Z9D6447-1536x1024.jpg 1536w, https:\/\/bastidesigalas.fr\/wp-content\/uploads\/2024\/06\/Z9D6447-2048x1366.jpg 2048w\" sizes=\"auto, (max-width: 1024px) 100vw, 1024px\" \/><\/figure>\n\n\n\n<figure class=\"wp-block-image size-large is-style-rounded\"><img loading=\"lazy\" decoding=\"async\" width=\"1024\" height=\"683\" data-id=\"355\" src=\"https:\/\/bastidesigalas.fr\/wp-content\/uploads\/2024\/06\/Z9D6455-1024x683.jpg\" alt=\"\" class=\"wp-image-355\" srcset=\"https:\/\/bastidesigalas.fr\/wp-content\/uploads\/2024\/06\/Z9D6455-1024x683.jpg 1024w, https:\/\/bastidesigalas.fr\/wp-content\/uploads\/2024\/06\/Z9D6455-300x200.jpg 300w, https:\/\/bastidesigalas.fr\/wp-content\/uploads\/2024\/06\/Z9D6455-768x512.jpg 768w, https:\/\/bastidesigalas.fr\/wp-content\/uploads\/2024\/06\/Z9D6455-1536x1024.jpg 1536w, https:\/\/bastidesigalas.fr\/wp-content\/uploads\/2024\/06\/Z9D6455-2048x1366.jpg 2048w\" sizes=\"auto, (max-width: 1024px) 100vw, 1024px\" \/><\/figure>\n<\/figure>\n\n\n<div class=\"wp-block-image is-style-rounded\">\n<figure class=\"aligncenter size-medium\"><img loading=\"lazy\" decoding=\"async\" width=\"134\" height=\"300\" src=\"https:\/\/bastidesigalas.fr\/wp-content\/uploads\/2024\/05\/IMG20240413073952-134x300.jpg\" alt=\"\" class=\"wp-image-143\" srcset=\"https:\/\/bastidesigalas.fr\/wp-content\/uploads\/2024\/05\/IMG20240413073952-134x300.jpg 134w, https:\/\/bastidesigalas.fr\/wp-content\/uploads\/2024\/05\/IMG20240413073952-459x1024.jpg 459w, https:\/\/bastidesigalas.fr\/wp-content\/uploads\/2024\/05\/IMG20240413073952-768x1715.jpg 768w, https:\/\/bastidesigalas.fr\/wp-content\/uploads\/2024\/05\/IMG20240413073952-688x1536.jpg 688w, https:\/\/bastidesigalas.fr\/wp-content\/uploads\/2024\/05\/IMG20240413073952-917x2048.jpg 917w, https:\/\/bastidesigalas.fr\/wp-content\/uploads\/2024\/05\/IMG20240413073952-scaled.jpg 1146w\" sizes=\"auto, (max-width: 134px) 100vw, 134px\" \/><\/figure>\n<\/div>\n\n\n<figure class=\"wp-block-gallery has-nested-images columns-default is-cropped wp-block-gallery-6 is-layout-flex wp-block-gallery-is-layout-flex\">\n<figure class=\"wp-block-image size-large is-style-rounded\"><img loading=\"lazy\" decoding=\"async\" width=\"1024\" height=\"768\" data-id=\"650\" src=\"https:\/\/bastidesigalas.fr\/wp-content\/uploads\/2025\/04\/1745907672607-1-1024x768.jpg\" alt=\"Terrasse C\u00e9vennes\" class=\"wp-image-650\" srcset=\"https:\/\/bastidesigalas.fr\/wp-content\/uploads\/2025\/04\/1745907672607-1-1024x768.jpg 1024w, https:\/\/bastidesigalas.fr\/wp-content\/uploads\/2025\/04\/1745907672607-1-300x225.jpg 300w, https:\/\/bastidesigalas.fr\/wp-content\/uploads\/2025\/04\/1745907672607-1-768x576.jpg 768w, https:\/\/bastidesigalas.fr\/wp-content\/uploads\/2025\/04\/1745907672607-1-1536x1152.jpg 1536w, https:\/\/bastidesigalas.fr\/wp-content\/uploads\/2025\/04\/1745907672607-1-2048x1536.jpg 2048w\" sizes=\"auto, (max-width: 1024px) 100vw, 1024px\" \/><\/figure>\n\n\n\n<figure class=\"wp-block-image size-large is-style-rounded\"><img loading=\"lazy\" decoding=\"async\" width=\"1024\" height=\"768\" data-id=\"649\" src=\"https:\/\/bastidesigalas.fr\/wp-content\/uploads\/2025\/04\/1745907822721-1-1024x768.jpg\" alt=\"Terrasse piscine \u00e0 l'ombre l'apr\u00e8s-midi\" class=\"wp-image-649\" srcset=\"https:\/\/bastidesigalas.fr\/wp-content\/uploads\/2025\/04\/1745907822721-1-1024x768.jpg 1024w, https:\/\/bastidesigalas.fr\/wp-content\/uploads\/2025\/04\/1745907822721-1-300x225.jpg 300w, https:\/\/bastidesigalas.fr\/wp-content\/uploads\/2025\/04\/1745907822721-1-768x576.jpg 768w, https:\/\/bastidesigalas.fr\/wp-content\/uploads\/2025\/04\/1745907822721-1-1536x1152.jpg 1536w, https:\/\/bastidesigalas.fr\/wp-content\/uploads\/2025\/04\/1745907822721-1-2048x1536.jpg 2048w\" sizes=\"auto, (max-width: 1024px) 100vw, 1024px\" \/><\/figure>\n\n\n\n<figure class=\"wp-block-image size-large is-style-rounded\"><img loading=\"lazy\" decoding=\"async\" width=\"1024\" height=\"768\" data-id=\"648\" src=\"https:\/\/bastidesigalas.fr\/wp-content\/uploads\/2025\/04\/IMG20240701182514-1024x768.jpg\" alt=\"Hamas pour la sieste\" class=\"wp-image-648\" srcset=\"https:\/\/bastidesigalas.fr\/wp-content\/uploads\/2025\/04\/IMG20240701182514-1024x768.jpg 1024w, https:\/\/bastidesigalas.fr\/wp-content\/uploads\/2025\/04\/IMG20240701182514-300x225.jpg 300w, https:\/\/bastidesigalas.fr\/wp-content\/uploads\/2025\/04\/IMG20240701182514-768x576.jpg 768w, https:\/\/bastidesigalas.fr\/wp-content\/uploads\/2025\/04\/IMG20240701182514-1536x1152.jpg 1536w, https:\/\/bastidesigalas.fr\/wp-content\/uploads\/2025\/04\/IMG20240701182514-2048x1536.jpg 2048w\" sizes=\"auto, (max-width: 1024px) 100vw, 1024px\" \/><\/figure>\n<\/figure>\n\n\n\n<h2 class=\"wp-block-heading\" style=\"text-transform:none\">La salle de s\u00e9minaire et d&rsquo;activit\u00e9s de groupe<\/h2>\n\n\n\n<p class=\"has-medium-font-size\" style=\"text-transform:none\">D\u2019une surface de 60 m<sup>2<\/sup>, situ\u00e9e dans le jardin, ind\u00e9pendante de la maison principale, cette salle avec vue sur les Cevennes peut \u00eatre am\u00e9nag\u00e9e pour des s\u00e9minaires de travail, des activit\u00e9s de groupe (yoga, m\u00e9ditation, \u2026). Elle est accessible aux PMR et \u00e9quip\u00e9e de toilettes adapt\u00e9es&nbsp;ainsi que d\u2019un coin cuisine.<\/p>\n\n\n\n<p class=\"has-small-font-size\">Voir la page <a href=\"https:\/\/bastidesigalas.fr\/?page_id=427\" title=\"\">S\u00e9minaires R\u00e9sidentiels<\/a><\/p>\n\n\n\n<p><\/p>\n","protected":false},"excerpt":{"rendered":"<p>Les espaces communs sont situ\u00e9s au rez-de-chauss\u00e9e et disposent d&rsquo;un acc\u00e9s direct \u00e0 la cour int\u00e9rieure, au jardin et \u00e0 la piscine. L\u2019ensemble, chambres et espaces communs, peut \u00eatre privatis\u00e9 en format g\u00eete \u00e0 la demande pour des r\u00e9unions familiales, des f\u00eates d\u2019anniversaire, des s\u00e9minaires, des activit\u00e9s de groupe \u2026 Le salon A votre disposition [&hellip;]<\/p>\n","protected":false},"author":1,"featured_media":0,"parent":0,"menu_order":0,"comment_status":"closed","ping_status":"closed","template":"","meta":{"om_disable_all_campaigns":false,"_monsterinsights_skip_tracking":false,"_monsterinsights_sitenote_active":false,"_monsterinsights_sitenote_note":"","_monsterinsights_sitenote_category":0,"footnotes":""},"class_list":["post-136","page","type-page","status-publish","hentry"],"aioseo_notices":[],"_links":{"self":[{"href":"https:\/\/bastidesigalas.fr\/index.php?rest_route=\/wp\/v2\/pages\/136","targetHints":{"allow":["GET"]}}],"collection":[{"href":"https:\/\/bastidesigalas.fr\/index.php?rest_route=\/wp\/v2\/pages"}],"about":[{"href":"https:\/\/bastidesigalas.fr\/index.php?rest_route=\/wp\/v2\/types\/page"}],"author":[{"embeddable":true,"href":"https:\/\/bastidesigalas.fr\/index.php?rest_route=\/wp\/v2\/users\/1"}],"replies":[{"embeddable":true,"href":"https:\/\/bastidesigalas.fr\/index.php?rest_route=%2Fwp%2Fv2%2Fcomments&post=136"}],"version-history":[{"count":39,"href":"https:\/\/bastidesigalas.fr\/index.php?rest_route=\/wp\/v2\/pages\/136\/revisions"}],"predecessor-version":[{"id":869,"href":"https:\/\/bastidesigalas.fr\/index.php?rest_route=\/wp\/v2\/pages\/136\/revisions\/869"}],"wp:attachment":[{"href":"https:\/\/bastidesigalas.fr\/index.php?rest_route=%2Fwp%2Fv2%2Fmedia&parent=136"}],"curies":[{"name":"wp","href":"https:\/\/api.w.org\/{rel}","templated":true}]}}