{"id":169,"date":"2024-05-07T15:26:24","date_gmt":"2024-05-07T13:26:24","guid":{"rendered":"https:\/\/bastidesigalas.fr\/?page_id=169"},"modified":"2025-12-03T15:27:27","modified_gmt":"2025-12-03T14:27:27","slug":"les-activites","status":"publish","type":"page","link":"https:\/\/bastidesigalas.fr\/?page_id=169","title":{"rendered":"Les activit\u00e9s"},"content":{"rendered":"\n<div class=\"wp-block-cover\"><img loading=\"lazy\" decoding=\"async\" width=\"1024\" height=\"311\" class=\"wp-block-cover__image-background wp-image-256\" alt=\"\" src=\"https:\/\/bastidesigalas.fr\/wp-content\/uploads\/2024\/05\/cropped-cropped-received_2870769176529824-1024x311.jpeg\" data-object-fit=\"cover\" srcset=\"https:\/\/bastidesigalas.fr\/wp-content\/uploads\/2024\/05\/cropped-cropped-received_2870769176529824-1024x311.jpeg 1024w, https:\/\/bastidesigalas.fr\/wp-content\/uploads\/2024\/05\/cropped-cropped-received_2870769176529824-300x91.jpeg 300w, https:\/\/bastidesigalas.fr\/wp-content\/uploads\/2024\/05\/cropped-cropped-received_2870769176529824-768x233.jpeg 768w, https:\/\/bastidesigalas.fr\/wp-content\/uploads\/2024\/05\/cropped-cropped-received_2870769176529824.jpeg 1498w\" sizes=\"auto, (max-width: 1024px) 100vw, 1024px\" \/><span aria-hidden=\"true\" class=\"wp-block-cover__background has-background-dim\"><\/span><div class=\"wp-block-cover__inner-container is-layout-flow wp-block-cover-is-layout-flow\">\n<p class=\"has-text-align-center has-white-color has-text-color has-link-color has-large-font-size wp-elements-c9c8770968cd3da536cc2aa20109e322\" style=\"text-transform:none\">Les moments plaisir et d&rsquo;\u00e9motion \u00e0 partager<\/p>\n<\/div><\/div>\n\n\n\n<p><\/p>\n\n\n\n<h2 class=\"wp-block-heading\">Cyclisme<\/h2>\n\n\n\n<p style=\"text-transform:none\">Les territoires du Pic Saint Loup et du Pi\u00e9mont <ins>C\u00e9v<\/ins>enol se pr\u00eatent bien \u00e0 une d\u00e9couverte \u00e0 v\u00e9lo<ins>,<\/ins> de route, VTT ou \u00e9lectrique.<\/p>\n\n\n\n<p style=\"text-transform:none\">Sont \u00e0 votre disposition<ins>,<\/ins> en pr\u00eat, deux VTT ou<ins>,<\/ins> \u00e0 la location, deux v\u00e9los \u00e9lectriques avec casques.<br>L\u2019application Rando Gard vous guide sur les activit\u00e9s Randonn\u00e9e.<\/p>\n\n\n\n<ul class=\"wp-block-list\">\n<li>Voie verte St-Hippolyte-du-Fort \u2013 Quissac: 19 km<\/li>\n\n\n\n<li>Voie V85 St-Hippolyte-du-Fort \u2013 Ganges : 11 km ( et jusqu\u2019au Vigan 49 km)<\/li>\n\n\n\n<li>V70 \u2013 La R\u00e9gordane, de Quissac \u00e0 Sommi\u00e8res: 20 km<\/li>\n\n\n\n<li>Voie verte Quissac \u2013 Anduze<\/li>\n\n\n\n<li>La mont\u00e9e du Causse \u2013 boucle de 64 km autour de Pompignan (ci-dessous)<\/li>\n<\/ul>\n\n\n\n<p>Liens: Tourisme Gard: <a href=\"https:\/\/www.tourismegard.com\/\" target=\"_blank\" rel=\"noopener\" title=\"\">https:\/\/www.tourismegard.com\/<\/a> et&nbsp; rando.gard.fr<\/p>\n\n\n\n<div class=\"wp-block-group\"><div class=\"wp-block-group__inner-container is-layout-constrained wp-block-group-is-layout-constrained\">\n<div class=\"wp-block-columns is-layout-flex wp-container-core-columns-is-layout-9d6595d7 wp-block-columns-is-layout-flex\">\n<div class=\"wp-block-column is-layout-flow wp-block-column-is-layout-flow\" style=\"flex-basis:100%\">\n<figure class=\"wp-block-image size-full is-resized\"><img loading=\"lazy\" decoding=\"async\" width=\"895\" height=\"215\" src=\"http:\/\/bastidesigalas.fr\/wp-content\/uploads\/2024\/05\/image019.png\" alt=\"\" class=\"wp-image-172\" style=\"width:279px;height:auto\" srcset=\"https:\/\/bastidesigalas.fr\/wp-content\/uploads\/2024\/05\/image019.png 895w, https:\/\/bastidesigalas.fr\/wp-content\/uploads\/2024\/05\/image019-300x72.png 300w, https:\/\/bastidesigalas.fr\/wp-content\/uploads\/2024\/05\/image019-768x184.png 768w\" sizes=\"auto, (max-width: 895px) 100vw, 895px\" \/><\/figure>\n\n\n\n<figure class=\"wp-block-image size-full\"><img loading=\"lazy\" decoding=\"async\" width=\"200\" height=\"200\" src=\"http:\/\/bastidesigalas.fr\/wp-content\/uploads\/2024\/05\/image023.jpg\" alt=\"\" class=\"wp-image-171\" srcset=\"https:\/\/bastidesigalas.fr\/wp-content\/uploads\/2024\/05\/image023.jpg 200w, https:\/\/bastidesigalas.fr\/wp-content\/uploads\/2024\/05\/image023-150x150.jpg 150w\" sizes=\"auto, (max-width: 200px) 100vw, 200px\" \/><\/figure>\n<\/div>\n<\/div>\n<\/div><\/div>\n\n\n\n<h2 class=\"wp-block-heading\">Randonn\u00e9e et course \u00e0 pieds<\/h2>\n\n\n\n<p style=\"text-transform:none\">A partir de la Bastide, vous d\u00e9couvrez les environs imm\u00e9diats: la montagne St Jean, l\u2019ermitage Notre-Dame de Monnier, le village et son \u00e9glise.<\/p>\n\n\n\n<figure class=\"wp-block-image size-large is-style-rounded\"><img loading=\"lazy\" decoding=\"async\" width=\"1024\" height=\"459\" src=\"http:\/\/bastidesigalas.fr\/wp-content\/uploads\/2024\/05\/image020-1024x459.jpg\" alt=\"\" class=\"wp-image-173\" srcset=\"https:\/\/bastidesigalas.fr\/wp-content\/uploads\/2024\/05\/image020-1024x459.jpg 1024w, https:\/\/bastidesigalas.fr\/wp-content\/uploads\/2024\/05\/image020-300x134.jpg 300w, https:\/\/bastidesigalas.fr\/wp-content\/uploads\/2024\/05\/image020-768x344.jpg 768w, https:\/\/bastidesigalas.fr\/wp-content\/uploads\/2024\/05\/image020-1536x688.jpg 1536w, https:\/\/bastidesigalas.fr\/wp-content\/uploads\/2024\/05\/image020.jpg 1601w\" sizes=\"auto, (max-width: 1024px) 100vw, 1024px\" \/><\/figure>\n\n\n\n<div class=\"wp-block-group is-content-justification-center is-nowrap is-layout-flex wp-container-core-group-is-layout-94bc23d7 wp-block-group-is-layout-flex\">\n<figure class=\"wp-block-image size-full is-resized\"><img loading=\"lazy\" decoding=\"async\" width=\"592\" height=\"590\" src=\"http:\/\/bastidesigalas.fr\/wp-content\/uploads\/2024\/05\/image021.png\" alt=\"\" class=\"wp-image-174\" style=\"width:232px;height:auto\" srcset=\"https:\/\/bastidesigalas.fr\/wp-content\/uploads\/2024\/05\/image021.png 592w, https:\/\/bastidesigalas.fr\/wp-content\/uploads\/2024\/05\/image021-300x300.png 300w, https:\/\/bastidesigalas.fr\/wp-content\/uploads\/2024\/05\/image021-150x150.png 150w\" sizes=\"auto, (max-width: 592px) 100vw, 592px\" \/><\/figure>\n\n\n\n<figure class=\"wp-block-image size-full is-resized\"><img loading=\"lazy\" decoding=\"async\" width=\"767\" height=\"562\" src=\"http:\/\/bastidesigalas.fr\/wp-content\/uploads\/2024\/05\/image022.jpg\" alt=\"\" class=\"wp-image-175\" style=\"width:267px;height:auto\" srcset=\"https:\/\/bastidesigalas.fr\/wp-content\/uploads\/2024\/05\/image022.jpg 767w, https:\/\/bastidesigalas.fr\/wp-content\/uploads\/2024\/05\/image022-300x220.jpg 300w\" sizes=\"auto, (max-width: 767px) 100vw, 767px\" \/><figcaption class=\"wp-element-caption\">source: Les chateaux de Satrapes \u2013 Librairie Coularou Editeur \u2013 Les Amis de Clio<\/figcaption><\/figure>\n<\/div>\n\n\n\n<p><a href=\"https:\/\/randonneecevenole.fr\">https:\/\/randonneecevenole.fr<\/a><\/p>\n\n\n\n<p><a href=\"https:\/\/www.sitytrail.com\/fr\/discover\/trails\/outdoor\/fr-france\/1286-occitanie\/1339-gard\/9315-pompignan\">https:\/\/www.sitytrail.com\/fr\/discover\/trails\/outdoor\/fr-france\/1286-occitanie\/1339-gard\/9315-pompignan<\/a><\/p>\n\n\n\n<p><strong>mais aussi<\/strong><\/p>\n\n\n\n<ul class=\"wp-block-list\">\n<li>Le Causse de Ferri\u00e8res: <a href=\"https:\/\/randonneecevenole.fr\/index.php5?modele=CausseFerrieres&amp;vue=topo\">https:\/\/randonneecevenole.fr\/index.php5?modele=CausseFerrieres&amp;vue=topo<\/a><\/li>\n\n\n\n<li>Claret, Corconne, les Embruscalles: <a href=\"https:\/\/randonneecevenole.fr\/index.php5?modele=ClaretCorconneEmbruscalles&amp;vue=topo\">https:\/\/randonneecevenole.fr\/index.php5?modele=ClaretCorconneEmbruscalles&amp;vue=topo<\/a><\/li>\n\n\n\n<li>Le Pic St Loup, le Mont Hortus<\/li>\n<\/ul>\n\n\n\n<p style=\"text-transform:none\">Ainsi que la cit\u00e9 m\u00e9di\u00e9vale de Sauve (https:\/\/ville-de-sauve.fr\/decouvrir-sauve-3\/), Saint-Hippolyte-du-Fort (https:\/\/www.piemont-cevenol-tourisme.com\/wp-content\/uploads\/St-Hippolyte.pdf)<\/p>\n\n\n\n<p class=\"has-medium-font-size\" style=\"text-transform:none\"><strong>Et plus loin<\/strong><\/p>\n\n\n\n<ul class=\"wp-block-list\">\n<li style=\"text-transform:none\">Le Mont Aigoual avec sa station m\u00e9t\u00e9orologique et son panorama \u00e0 couper le souffle<\/li>\n<\/ul>\n\n\n\n<p style=\"text-transform:none\">et beaucoup de chemins, hameaux, lieux d\u2019histoire et de culture sont \u00e0 d\u00e9couvrir selon vos envies et votre forme. En particulier, le <strong>territoire du Pic Saint-Loup et son GR du Grand Pic Saint-Loup \u00e9lu GR \u00ae pr\u00e9f\u00e9r\u00e9 des Fran\u00e7ais en 2021 <\/strong>que vous pouvez rejoindre facilement \u00e0 partir de la Bastide (<a href=\"https:\/\/www.grandpicsaintloup-tourisme.fr\/le-grp-pic-saint-loup\">https:\/\/www.grandpicsaintloup-tourisme.fr\/le-grp-pic-saint-loup<\/a>).<\/p>\n\n\n<div class=\"wp-block-image\">\n<figure class=\"aligncenter size-full is-resized\"><img loading=\"lazy\" decoding=\"async\" width=\"200\" height=\"200\" src=\"http:\/\/bastidesigalas.fr\/wp-content\/uploads\/2024\/05\/image023.jpg\" alt=\"\" class=\"wp-image-171\" style=\"width:284px;height:auto\" srcset=\"https:\/\/bastidesigalas.fr\/wp-content\/uploads\/2024\/05\/image023.jpg 200w, https:\/\/bastidesigalas.fr\/wp-content\/uploads\/2024\/05\/image023-150x150.jpg 150w\" sizes=\"auto, (max-width: 200px) 100vw, 200px\" \/><\/figure>\n<\/div>\n\n\n<h2 class=\"wp-block-heading\">Escalade<\/h2>\n\n\n\n<p style=\"text-transform:none\">F\u00e9rus d\u2019escalade, les falaise<ins>s<\/ins> de la cr\u00eate de la Taillade qui dominent au sud de la Bastide et de Pompignan, en direction de Montpellier, le hameau des Embruscalles du village de Claret, vous proposent plusieurs voies de haut niveau.<\/p>\n\n\n\n<p><a href=\"https:\/\/www.grimper.com\/site-escalade-claret\">https:\/\/www.grimper.com\/site-escalade-claret<\/a><\/p>\n\n\n\n<h2 class=\"wp-block-heading\">Parapente<\/h2>\n\n\n\n<p style=\"text-transform:none\">Passionn\u00e9s de parapente et de vol libre,&nbsp; vous disposez de plusieurs sites de vols&nbsp; pour d\u00e9couvrir la r\u00e9gion vue du ciel, trois &nbsp;deux d\u2019entre eux sont \u00e0 proximit\u00e9 imm\u00e9diate:<\/p>\n\n\n\n<ul class=\"wp-block-list\">\n<li>le site de Claret, proche du site d\u2019escalade, en d\u00e9collage sud , tr\u00e8s pris\u00e9 des parapentistes locaux<\/li>\n<\/ul>\n\n\n\n<ul class=\"wp-block-list\">\n<li>Le site de Pompignan, exposition nord, tr\u00e8s peu utilis\u00e9 car les conditions a\u00e9rologiques nord sont souvent difficiles<\/li>\n<\/ul>\n\n\n\n<ul class=\"wp-block-list\">\n<li>La pente \u00e9cole de St-Bauzille-de-Montmel, en nord, pour les matins calmes<\/li>\n<\/ul>\n\n\n\n<p style=\"text-transform:none\">D\u2019autres sites sont un peu plus loin<ins>,<\/ins> tels que Lauret et Valflaun\u00e8s (expo Sud-Est \u2013 Est) un peu plus au sud vers Montpellier ainsi que St-C\u00f4me vers N\u00eemes<ins>,<\/ins> par exemple.<br>Patrick, parapentiste depuis plus de 30 ans, se fera un plaisir de vous les faire d\u00e9couvrir avec l\u2019aide du club Vol en Sud.<\/p>\n\n\n\n<p><strong>Mais aussi<\/strong>:<\/p>\n\n\n<div class=\"wp-block-image is-style-rounded\">\n<figure class=\"aligncenter size-medium\"><img loading=\"lazy\" decoding=\"async\" width=\"300\" height=\"200\" src=\"https:\/\/bastidesigalas.fr\/wp-content\/uploads\/2024\/05\/received_2870769176529824-300x200.jpeg\" alt=\"\" class=\"wp-image-138\" srcset=\"https:\/\/bastidesigalas.fr\/wp-content\/uploads\/2024\/05\/received_2870769176529824-300x200.jpeg 300w, https:\/\/bastidesigalas.fr\/wp-content\/uploads\/2024\/05\/received_2870769176529824-1024x683.jpeg 1024w, https:\/\/bastidesigalas.fr\/wp-content\/uploads\/2024\/05\/received_2870769176529824-768x512.jpeg 768w, https:\/\/bastidesigalas.fr\/wp-content\/uploads\/2024\/05\/received_2870769176529824.jpeg 1500w\" sizes=\"auto, (max-width: 300px) 100vw, 300px\" \/><\/figure>\n<\/div>\n\n\n<ul class=\"wp-block-list\">\n<li>sports et loisirs \u00e9questres, en particulier avec Claire sur Fontan\u00e8s , <a href=\"https:\/\/www.horse-aventure.com\/\" target=\"_blank\" rel=\"noopener\" title=\"\">https:\/\/www.horse-aventure.com\/<\/a><\/li>\n\n\n\n<li>centre de vol \u00e0 voile,&nbsp;<a href=\"http:\/\/www.cvvm.fr\/\" target=\"_blank\" rel=\"noreferrer noopener\">http:\/\/www.cvvm.fr\/<\/a><\/li>\n\n\n\n<li>cano\u00eb\/kayak,&nbsp;pour un parcours dans les gorges de l\u2019H\u00e9rault, <a href=\"http:\/\/www.st-guilhem-le-desert.com\/canoe-rapido.html\">http:\/\/www.st-guilhem-le-desert.com\/canoe-rapido.html<\/a><\/li>\n\n\n\n<li>golf&nbsp;<ins><a href=\"http:\/\/www.coulondres.com\/*\">http:\/\/www.coulondres.com\/*<\/a><\/ins><\/li>\n<\/ul>\n\n\n\n<p><\/p>\n","protected":false},"excerpt":{"rendered":"<p>Cyclisme Les territoires du Pic Saint Loup et du Pi\u00e9mont C\u00e9venol se pr\u00eatent bien \u00e0 une d\u00e9couverte \u00e0 v\u00e9lo, de route, VTT ou \u00e9lectrique. Sont \u00e0 votre disposition, en pr\u00eat, deux VTT ou, \u00e0 la location, deux v\u00e9los \u00e9lectriques avec casques.L\u2019application Rando Gard vous guide sur les activit\u00e9s Randonn\u00e9e. Liens: Tourisme Gard: https:\/\/www.tourismegard.com\/ et&nbsp; rando.gard.fr [&hellip;]<\/p>\n","protected":false},"author":1,"featured_media":0,"parent":0,"menu_order":0,"comment_status":"closed","ping_status":"closed","template":"","meta":{"om_disable_all_campaigns":false,"_monsterinsights_skip_tracking":false,"_monsterinsights_sitenote_active":false,"_monsterinsights_sitenote_note":"","_monsterinsights_sitenote_category":0,"footnotes":""},"class_list":["post-169","page","type-page","status-publish","hentry"],"aioseo_notices":[],"_links":{"self":[{"href":"https:\/\/bastidesigalas.fr\/index.php?rest_route=\/wp\/v2\/pages\/169","targetHints":{"allow":["GET"]}}],"collection":[{"href":"https:\/\/bastidesigalas.fr\/index.php?rest_route=\/wp\/v2\/pages"}],"about":[{"href":"https:\/\/bastidesigalas.fr\/index.php?rest_route=\/wp\/v2\/types\/page"}],"author":[{"embeddable":true,"href":"https:\/\/bastidesigalas.fr\/index.php?rest_route=\/wp\/v2\/users\/1"}],"replies":[{"embeddable":true,"href":"https:\/\/bastidesigalas.fr\/index.php?rest_route=%2Fwp%2Fv2%2Fcomments&post=169"}],"version-history":[{"count":21,"href":"https:\/\/bastidesigalas.fr\/index.php?rest_route=\/wp\/v2\/pages\/169\/revisions"}],"predecessor-version":[{"id":761,"href":"https:\/\/bastidesigalas.fr\/index.php?rest_route=\/wp\/v2\/pages\/169\/revisions\/761"}],"wp:attachment":[{"href":"https:\/\/bastidesigalas.fr\/index.php?rest_route=%2Fwp%2Fv2%2Fmedia&parent=169"}],"curies":[{"name":"wp","href":"https:\/\/api.w.org\/{rel}","templated":true}]}}