{"id":195,"date":"2024-05-07T15:37:07","date_gmt":"2024-05-07T13:37:07","guid":{"rendered":"https:\/\/bastidesigalas.fr\/?page_id=195"},"modified":"2025-12-03T15:19:04","modified_gmt":"2025-12-03T14:19:04","slug":"nous-rejoindre","status":"publish","type":"page","link":"https:\/\/bastidesigalas.fr\/?page_id=195","title":{"rendered":"Nous rejoindre"},"content":{"rendered":"\n<p style=\"text-transform:none\">Nous rejoindre pour un s\u00e9jour exceptionnel ! <\/p>\n\n\n\n<p style=\"text-transform:none\">Recherchez La Bastide de Sigalas sur Google Maps ou Waze et &#8230; bienvenue !<\/p>\n\n\n\n<p><strong>Par la route:<\/strong><\/p>\n\n\n\n<p style=\"text-transform:none\">Gares de Montpellier: 1h15<\/p>\n\n\n\n<ul class=\"wp-block-list\">\n<li>Montpellier Sud de France<\/li>\n\n\n\n<li>Montpellier St Roch \u2013 Centre ville<\/li>\n<\/ul>\n\n\n\n<p style=\"text-transform:none\">A\u00e9roport de Montpellier: 1h<\/p>\n\n\n\n<p style=\"text-transform:none\">Gare de N\u00eemes: 1h15<\/p>\n\n\n\n<ul class=\"wp-block-list\">\n<li>N\u00eemes centre<\/li>\n\n\n\n<li>N\u00eemes Pont du gare +15 minutes<\/li>\n<\/ul>\n\n\n\n<p style=\"text-transform:none\">A\u00e9roport de N\u00eemes Garons 1h15<\/p>\n\n\n\n<p><strong>Lien google Maps: <\/strong><a href=\"https:\/\/www.google.com\/maps\/@43.8955157,3.8728738,361m\/data=!3m1!1e3?entry=ttu\">https:\/\/www.google.com\/maps\/@43.8955157,3.8728738,361m\/data=!3m1!1e3?entry=ttu<\/a><\/p>\n\n\n\n<figure class=\"wp-block-image size-full\"><a href=\"https:\/\/www.google.com\/maps\/@43.8955157,3.8728738,361m\/data=!3m1!1e3?entry=ttu\" target=\"_blank\" rel=\"noreferrer noopener\"><img loading=\"lazy\" decoding=\"async\" width=\"376\" height=\"105\" src=\"http:\/\/bastidesigalas.fr\/wp-content\/uploads\/2024\/05\/GoogleMaps.png\" alt=\"\" class=\"wp-image-196\" srcset=\"https:\/\/bastidesigalas.fr\/wp-content\/uploads\/2024\/05\/GoogleMaps.png 376w, https:\/\/bastidesigalas.fr\/wp-content\/uploads\/2024\/05\/GoogleMaps-300x84.png 300w\" sizes=\"auto, (max-width: 376px) 100vw, 376px\" \/><\/a><\/figure>\n\n\n\n<h3 class=\"wp-block-heading\" style=\"text-transform:none\">Bornes de recharge \u00e9lectriques pour v\u00e9hicules<\/h3>\n\n\n\n<p style=\"text-transform:none\">Bornes de recharge <a href=\"https:\/\/reveocharge.com\/carte\/\" target=\"_blank\" rel=\"noopener\" title=\"\">R\u00e9v\u00e9o, situ\u00e9es sur le parking derri\u00e8re l\u2019\u00e9glise de Pompignan:<\/a> <a href=\"https:\/\/reveocharge.com\/fr\/comment-ca-marche\/\" target=\"_blank\" rel=\"noopener\" title=\"\">https:\/\/reveocharge.com\/carte\/<\/a><\/p>\n\n\n\n<p><\/p>\n","protected":false},"excerpt":{"rendered":"<p>Nous rejoindre pour un s\u00e9jour exceptionnel ! Recherchez La Bastide de Sigalas sur Google Maps ou Waze et &#8230; bienvenue ! Par la route: Gares de Montpellier: 1h15 A\u00e9roport de Montpellier: 1h Gare de N\u00eemes: 1h15 A\u00e9roport de N\u00eemes Garons 1h15 Lien google Maps: https:\/\/www.google.com\/maps\/@43.8955157,3.8728738,361m\/data=!3m1!1e3?entry=ttu Bornes de recharge \u00e9lectriques pour v\u00e9hicules Bornes de recharge R\u00e9v\u00e9o, [&hellip;]<\/p>\n","protected":false},"author":1,"featured_media":0,"parent":0,"menu_order":0,"comment_status":"closed","ping_status":"closed","template":"","meta":{"om_disable_all_campaigns":false,"_monsterinsights_skip_tracking":false,"_monsterinsights_sitenote_active":false,"_monsterinsights_sitenote_note":"","_monsterinsights_sitenote_category":0,"footnotes":""},"class_list":["post-195","page","type-page","status-publish","hentry"],"aioseo_notices":[],"_links":{"self":[{"href":"https:\/\/bastidesigalas.fr\/index.php?rest_route=\/wp\/v2\/pages\/195","targetHints":{"allow":["GET"]}}],"collection":[{"href":"https:\/\/bastidesigalas.fr\/index.php?rest_route=\/wp\/v2\/pages"}],"about":[{"href":"https:\/\/bastidesigalas.fr\/index.php?rest_route=\/wp\/v2\/types\/page"}],"author":[{"embeddable":true,"href":"https:\/\/bastidesigalas.fr\/index.php?rest_route=\/wp\/v2\/users\/1"}],"replies":[{"embeddable":true,"href":"https:\/\/bastidesigalas.fr\/index.php?rest_route=%2Fwp%2Fv2%2Fcomments&post=195"}],"version-history":[{"count":8,"href":"https:\/\/bastidesigalas.fr\/index.php?rest_route=\/wp\/v2\/pages\/195\/revisions"}],"predecessor-version":[{"id":753,"href":"https:\/\/bastidesigalas.fr\/index.php?rest_route=\/wp\/v2\/pages\/195\/revisions\/753"}],"wp:attachment":[{"href":"https:\/\/bastidesigalas.fr\/index.php?rest_route=%2Fwp%2Fv2%2Fmedia&parent=195"}],"curies":[{"name":"wp","href":"https:\/\/api.w.org\/{rel}","templated":true}]}}