{"id":235,"date":"2024-05-07T18:38:13","date_gmt":"2024-05-07T16:38:13","guid":{"rendered":"https:\/\/bastidesigalas.fr\/?page_id=235"},"modified":"2025-12-03T15:35:28","modified_gmt":"2025-12-03T14:35:28","slug":"terroir-et-patrimoine","status":"publish","type":"page","link":"https:\/\/bastidesigalas.fr\/?page_id=235","title":{"rendered":"Terroir et Patrimoine"},"content":{"rendered":"\n<p style=\"text-transform:none\">D\u00e9couverte du terroir et du patrimoine &#8211; Curiosit\u00e9s<\/p>\n\n\n\n<p style=\"text-transform:none\">A d\u00e9couvrir lors d\u2019une balade \u00e0 pieds \u00e0 proximit\u00e9 de la bastide:<\/p>\n\n\n\n<ul class=\"wp-block-list\">\n<li>Les ruines du <strong>ch\u00e2teau de Mirabel-Le-Vieux<\/strong>, sur l\u2019oppidum de <strong>St-Jean<\/strong> juste au-dessus de la Bastide <a href=\"https:\/\/www.megalithic.co.uk\/article.php?sid=44484\" target=\"_blank\" rel=\"noopener\" title=\"\">https:\/\/www.megalithic.co.uk\/article.php?sid=44484<\/a><\/li>\n<\/ul>\n\n\n\n<ul class=\"wp-block-list\">\n<li>L\u2019oppidum de <strong>Ceyrac<\/strong>, un peu plus loin sur la D181, au-dessus du domaine du m\u00eame nom<\/li>\n<\/ul>\n\n\n\n<ul class=\"wp-block-list\">\n<li>Le <strong>Cromlech du Guillaumand<\/strong>, aussi appel\u00e9 Cromlech du Devois de Tourres, petites pierres sur un diam\u00e8re de 95m <ins><a href=\"https:\/\/www.megalithic.co.uk\/article.php?sid=44671\">https:\/\/www.megalithic.co.uk\/article.php?sid=44671<\/a><\/ins><\/li>\n<\/ul>\n\n\n\n<ul class=\"wp-block-list\">\n<li>Le <strong>Cromlech du Rieu Massel <\/strong>sur la D181, Il ne reste qu&rsquo;un menhir de 2,36 m\u00e8tres de haut de ce cromlech, <a href=\"https:\/\/www.megalithic.co.uk\/article.php?sid=17829\">https:\/\/www.megalithic.co.uk\/article.php?sid=17829<\/a><\/li>\n<\/ul>\n\n\n\n<ul class=\"wp-block-list\">\n<li>L\u2019ermitage <strong>Notre-Dame de Monnier<\/strong>, apr\u00e8s avoir travers\u00e9 le village sur la colline \u00e0 l\u2019ouest<\/li>\n<\/ul>\n\n\n\n<ul class=\"wp-block-list\">\n<li><strong>Elevage de cochons<\/strong> et vente de produits : vendredi apr\u00e8s-midi et samedi matin\n<ul class=\"wp-block-list\">\n<li>Sur le chemin de l\u2019ermitage Notre-Dame de Monnier<\/li>\n\n\n\n<li>Isabelle Alary &#8211; <a href=\"https:\/\/www.cochons-des-garrigues.fr\/\">https:\/\/www.cochons-des-garrigues.fr\/<\/a><\/li>\n\n\n\n<li>Route de Ferri\u00e8res Pompignan 06 09 90 06 07<\/li>\n<\/ul>\n<\/li>\n<\/ul>\n\n\n\n<p style=\"text-transform:none\"><strong>Huile d\u2019olive<\/strong><\/p>\n\n\n\n<ul class=\"wp-block-list\">\n<li>\u00c0 Montoulieu, Oliveraie Barth\u00e9l\u00e9my, https:\/\/www.oliveraiebarthelemy.fr\/<\/li>\n<\/ul>\n\n\n\n<p style=\"text-transform:none\"><strong>Vins<\/strong>, sans \u00eatre exhaustif, &nbsp;plus ou moins connus mais tous \u00e0 d\u00e9couvrir et \u00e0 go\u00fbter<\/p>\n\n\n\n<div class=\"wp-block-group\"><div class=\"wp-block-group__inner-container is-layout-constrained wp-block-group-is-layout-constrained\">\n<div class=\"wp-block-group\"><div class=\"wp-block-group__inner-container is-layout-constrained wp-block-group-is-layout-constrained\">\n<ul class=\"wp-block-list\">\n<li>Le Domaine de Favas \u00e0 St Bauzille de Montmel, une belle rencontre avec Samuel <\/li>\n\n\n\n<li>Le domaine de Lancyre en Pic St-Loup et sa vue superbe sur les vignobles <\/li>\n\n\n\n<li>Le Chateau Laroque \u00e0 Fontan\u00e8s, \u00e0 d\u00e9couvrir \u00e0 cheval avec Claire de Horse Aventures<\/li>\n\n\n\n<li>La Terre des 2 sources, \u00e0 Montoulieu, avec H\u00e9l\u00e8ne<\/li>\n\n\n\n<li>Le Mas de l\u2019Ecriture, \u00e0 Jonqui\u00e8res, \u00e0 d\u00e9couvrir avec Pascal et sa fille L\u00e9a<\/li>\n<\/ul>\n\n\n\n<p id=\"block-b4e839df-4e23-418b-bce3-2c53f49e7a9a\"><\/p>\n\n\n\n<p id=\"block-2c60cb7d-0325-48a5-aefe-65bbbe254c68\" style=\"text-transform:none\">Et bien s\u00fbr, le terroir du Pic Saint Loup et ses domaines tels que l\u2019Hortus, Lancyre, Morti\u00e8s, Clos Marie, Mas Brugui\u00e8re, \u2026 \u00e0 d\u00e9couvrir \u00e0 pieds, \u00e0 cheval ou \u00e0 bicyclette: <br><a href=\"https:\/\/www.grandpicsaintloup-tourisme.fr\/experiences-epicuriennes-autour-de-nos-vignobles\" target=\"_blank\" rel=\"noopener\" title=\"\">Balades \u00e9picuriennes en pic St Loup: https:\/\/www.grandpicsaintloup-tourisme.fr\/experiences-epicuriennes-autour-de-nos-vignobles<\/a><\/p>\n<\/div><\/div>\n<\/div><\/div>\n\n\n\n<p style=\"text-transform:none\">Tr\u00e8s proches de la bastide, les villages de Sauve, de Saint-Hippolyte-du-Fort, la grotte des Demoiselles<\/p>\n\n\n\n<p style=\"text-transform:none\">Et un peu plus loin: le cirque de Navacelles, le lac du Salagou, St-Guilhem-Le-D\u00e9sert, le Mont Aigoual, &nbsp;Anduze et la bambouseraie, le petit train c\u00e9venol, Uz\u00e8s, le Pont du Gard, &nbsp;N\u00eemes, &nbsp;Montpellier, Aigues-Mortes, les plages \u2026. <\/p>\n\n\n\n<p style=\"text-transform:none\">Une tr\u00e8s belle r\u00e9gion \u00e0 parcourir et des sp\u00e9cialit\u00e9s \u00e0 d\u00e9guster !<\/p>\n","protected":false},"excerpt":{"rendered":"<p>D\u00e9couverte du terroir et du patrimoine &#8211; Curiosit\u00e9s A d\u00e9couvrir lors d\u2019une balade \u00e0 pieds \u00e0 proximit\u00e9 de la bastide: Huile d\u2019olive Vins, sans \u00eatre exhaustif, &nbsp;plus ou moins connus mais tous \u00e0 d\u00e9couvrir et \u00e0 go\u00fbter Et bien s\u00fbr, le terroir du Pic Saint Loup et ses domaines tels que l\u2019Hortus, Lancyre, Morti\u00e8s, Clos [&hellip;]<\/p>\n","protected":false},"author":1,"featured_media":0,"parent":0,"menu_order":0,"comment_status":"closed","ping_status":"closed","template":"","meta":{"om_disable_all_campaigns":false,"_monsterinsights_skip_tracking":false,"_monsterinsights_sitenote_active":false,"_monsterinsights_sitenote_note":"","_monsterinsights_sitenote_category":0,"footnotes":""},"class_list":["post-235","page","type-page","status-publish","hentry"],"aioseo_notices":[],"_links":{"self":[{"href":"https:\/\/bastidesigalas.fr\/index.php?rest_route=\/wp\/v2\/pages\/235","targetHints":{"allow":["GET"]}}],"collection":[{"href":"https:\/\/bastidesigalas.fr\/index.php?rest_route=\/wp\/v2\/pages"}],"about":[{"href":"https:\/\/bastidesigalas.fr\/index.php?rest_route=\/wp\/v2\/types\/page"}],"author":[{"embeddable":true,"href":"https:\/\/bastidesigalas.fr\/index.php?rest_route=\/wp\/v2\/users\/1"}],"replies":[{"embeddable":true,"href":"https:\/\/bastidesigalas.fr\/index.php?rest_route=%2Fwp%2Fv2%2Fcomments&post=235"}],"version-history":[{"count":15,"href":"https:\/\/bastidesigalas.fr\/index.php?rest_route=\/wp\/v2\/pages\/235\/revisions"}],"predecessor-version":[{"id":772,"href":"https:\/\/bastidesigalas.fr\/index.php?rest_route=\/wp\/v2\/pages\/235\/revisions\/772"}],"wp:attachment":[{"href":"https:\/\/bastidesigalas.fr\/index.php?rest_route=%2Fwp%2Fv2%2Fmedia&parent=235"}],"curies":[{"name":"wp","href":"https:\/\/api.w.org\/{rel}","templated":true}]}}