{"id":299,"date":"2024-05-27T11:18:33","date_gmt":"2024-05-27T09:18:33","guid":{"rendered":"https:\/\/bastidesigalas.fr\/?page_id=299"},"modified":"2025-12-03T15:22:39","modified_gmt":"2025-12-03T14:22:39","slug":"les-massages-bien-etre","status":"publish","type":"page","link":"https:\/\/bastidesigalas.fr\/?page_id=299","title":{"rendered":"Les Massages bien-\u00eatre"},"content":{"rendered":"\n<div class=\"wp-block-cover alignwide\"><img loading=\"lazy\" decoding=\"async\" width=\"1024\" height=\"683\" class=\"wp-block-cover__image-background wp-image-367\" alt=\"\" src=\"https:\/\/bastidesigalas.fr\/wp-content\/uploads\/2024\/06\/Z9D6543-1024x683.jpg\" data-object-fit=\"cover\" srcset=\"https:\/\/bastidesigalas.fr\/wp-content\/uploads\/2024\/06\/Z9D6543-1024x683.jpg 1024w, https:\/\/bastidesigalas.fr\/wp-content\/uploads\/2024\/06\/Z9D6543-300x200.jpg 300w, https:\/\/bastidesigalas.fr\/wp-content\/uploads\/2024\/06\/Z9D6543-768x512.jpg 768w, https:\/\/bastidesigalas.fr\/wp-content\/uploads\/2024\/06\/Z9D6543-1536x1024.jpg 1536w, https:\/\/bastidesigalas.fr\/wp-content\/uploads\/2024\/06\/Z9D6543-2048x1366.jpg 2048w\" sizes=\"auto, (max-width: 1024px) 100vw, 1024px\" \/><span aria-hidden=\"true\" class=\"wp-block-cover__background has-background-dim\"><\/span><div class=\"wp-block-cover__inner-container is-layout-flow wp-block-cover-is-layout-flow\">\n<p class=\"has-text-align-center has-white-color has-text-color has-link-color wp-elements-38f5c739adf4b6157d14453729c200fc\" style=\"font-size:33px;text-transform:none\">Un moment de d\u00e9tente, de l\u00e2cher prise et de bien-\u00eatre<\/p>\n<\/div><\/div>\n\n\n\n<p><\/p>\n\n\n\n<p><\/p>\n\n\n\n<p class=\"has-medium-font-size\" style=\"text-transform:none\">Un moment de d\u00e9tente au pied des c\u00e9vennes, de l\u00e2cher prise et de bien-\u00eatre au travers d&rsquo;un massage dans un alcove vo\u00fbt\u00e9e ou \u00e0 l&rsquo;ext\u00e9rieur face aux C\u00e9vennes, vous pouvez profiter d&rsquo;un massage relaxant, sportif, de d\u00e9tente musculaire au sein de la Bastide. <br>Patrick, form\u00e9 par <a href=\"https:\/\/www.mains-du-monde.fr\/\" target=\"_blank\" rel=\"noopener\" title=\"Mains du Monde \">Mains du Monde <\/a>,\u00e0 Montpellier, vous prodigue un massage selon votre demande et votre besoin.<\/p>\n\n\n\n<ul class=\"wp-block-list\">\n<li>Relaxant Californien<\/li>\n\n\n\n<li>Sportif Su\u00e9dois<\/li>\n\n\n\n<li>Deep Tissue<\/li>\n\n\n\n<li>Ayurv\u00e9dique relaxant et \u00e9nerg\u00e9tique\n<ul class=\"wp-block-list\">\n<li>Corps entier <\/li>\n\n\n\n<li>Dos et 7 shakras <\/li>\n\n\n\n<li>T\u00eate &lsquo;shiroschampi&rsquo;<\/li>\n<\/ul>\n<\/li>\n<\/ul>\n\n\n\n<div data-wp-interactive=\"core\/file\" class=\"wp-block-file\"><object data-wp-bind--hidden=\"!state.hasPdfPreview\" hidden class=\"wp-block-file__embed\" data=\"https:\/\/bastidesigalas.fr\/wp-content\/uploads\/2025\/11\/Les-Massages-Description.pdf\" type=\"application\/pdf\" style=\"width:100%;height:600px\" aria-label=\"Contenu embarqu\u00e9 Les Massages - Description.\"><\/object><a id=\"wp-block-file--media-74e8ee6a-a9d2-4a45-9229-e652b6fc12bc\" href=\"https:\/\/bastidesigalas.fr\/wp-content\/uploads\/2025\/11\/Les-Massages-Description.pdf\">Les Massages &#8211; Description<\/a><a href=\"https:\/\/bastidesigalas.fr\/wp-content\/uploads\/2025\/11\/Les-Massages-Description.pdf\" class=\"wp-block-file__button wp-element-button\" download aria-describedby=\"wp-block-file--media-74e8ee6a-a9d2-4a45-9229-e652b6fc12bc\">T\u00e9l\u00e9charger<\/a><\/div>\n\n\n\n<p class=\"has-medium-font-size\" style=\"text-transform:none\">Tarifs: 1 h: 70 \u20acuros &#8211; 1h30: 90 \u20ac- Corps entier \/ Dos &#8211; T\u00eate &#8211; 45 minutes: 40\u20ac<\/p>\n\n\n<div class=\"wp-block-image is-style-rounded\">\n<figure class=\"aligncenter size-large is-resized\"><img loading=\"lazy\" decoding=\"async\" width=\"1024\" height=\"683\" src=\"https:\/\/bastidesigalas.fr\/wp-content\/uploads\/2025\/11\/Z9D6543-1024x683.jpg\" alt=\"\" class=\"wp-image-731\" style=\"width:623px;height:auto\" srcset=\"https:\/\/bastidesigalas.fr\/wp-content\/uploads\/2025\/11\/Z9D6543-1024x683.jpg 1024w, https:\/\/bastidesigalas.fr\/wp-content\/uploads\/2025\/11\/Z9D6543-300x200.jpg 300w, https:\/\/bastidesigalas.fr\/wp-content\/uploads\/2025\/11\/Z9D6543-768x512.jpg 768w, https:\/\/bastidesigalas.fr\/wp-content\/uploads\/2025\/11\/Z9D6543-1536x1024.jpg 1536w, https:\/\/bastidesigalas.fr\/wp-content\/uploads\/2025\/11\/Z9D6543-2048x1366.jpg 2048w\" sizes=\"auto, (max-width: 1024px) 100vw, 1024px\" \/><\/figure>\n<\/div>\n\n<div class=\"wp-block-image\">\n<figure class=\"aligncenter size-full\"><img loading=\"lazy\" decoding=\"async\" width=\"230\" height=\"186\" src=\"https:\/\/bastidesigalas.fr\/wp-content\/uploads\/2024\/05\/Massages.png\" alt=\"\" class=\"wp-image-300\"\/><\/figure>\n<\/div>\n\n\n<figure class=\"wp-block-image size-full is-resized\"><a href=\"https:\/\/www.mains-du-monde.fr\/\"><img loading=\"lazy\" decoding=\"async\" width=\"698\" height=\"120\" src=\"https:\/\/bastidesigalas.fr\/wp-content\/uploads\/2024\/05\/MDM-logo-retina.png.webp\" alt=\"\" class=\"wp-image-303\" style=\"width:257px;height:auto\" srcset=\"https:\/\/bastidesigalas.fr\/wp-content\/uploads\/2024\/05\/MDM-logo-retina.png.webp 698w, https:\/\/bastidesigalas.fr\/wp-content\/uploads\/2024\/05\/MDM-logo-retina.png-300x52.webp 300w\" sizes=\"auto, (max-width: 698px) 100vw, 698px\" \/><\/a><\/figure>\n","protected":false},"excerpt":{"rendered":"<p>Un moment de d\u00e9tente au pied des c\u00e9vennes, de l\u00e2cher prise et de bien-\u00eatre au travers d&rsquo;un massage dans un alcove vo\u00fbt\u00e9e ou \u00e0 l&rsquo;ext\u00e9rieur face aux C\u00e9vennes, vous pouvez profiter d&rsquo;un massage relaxant, sportif, de d\u00e9tente musculaire au sein de la Bastide. Patrick, form\u00e9 par Mains du Monde ,\u00e0 Montpellier, vous prodigue un massage [&hellip;]<\/p>\n","protected":false},"author":1,"featured_media":0,"parent":0,"menu_order":0,"comment_status":"closed","ping_status":"closed","template":"","meta":{"om_disable_all_campaigns":false,"_monsterinsights_skip_tracking":false,"_monsterinsights_sitenote_active":false,"_monsterinsights_sitenote_note":"","_monsterinsights_sitenote_category":0,"footnotes":""},"class_list":["post-299","page","type-page","status-publish","hentry"],"aioseo_notices":[],"_links":{"self":[{"href":"https:\/\/bastidesigalas.fr\/index.php?rest_route=\/wp\/v2\/pages\/299","targetHints":{"allow":["GET"]}}],"collection":[{"href":"https:\/\/bastidesigalas.fr\/index.php?rest_route=\/wp\/v2\/pages"}],"about":[{"href":"https:\/\/bastidesigalas.fr\/index.php?rest_route=\/wp\/v2\/types\/page"}],"author":[{"embeddable":true,"href":"https:\/\/bastidesigalas.fr\/index.php?rest_route=\/wp\/v2\/users\/1"}],"replies":[{"embeddable":true,"href":"https:\/\/bastidesigalas.fr\/index.php?rest_route=%2Fwp%2Fv2%2Fcomments&post=299"}],"version-history":[{"count":23,"href":"https:\/\/bastidesigalas.fr\/index.php?rest_route=\/wp\/v2\/pages\/299\/revisions"}],"predecessor-version":[{"id":757,"href":"https:\/\/bastidesigalas.fr\/index.php?rest_route=\/wp\/v2\/pages\/299\/revisions\/757"}],"wp:attachment":[{"href":"https:\/\/bastidesigalas.fr\/index.php?rest_route=%2Fwp%2Fv2%2Fmedia&parent=299"}],"curies":[{"name":"wp","href":"https:\/\/api.w.org\/{rel}","templated":true}]}}