{"id":427,"date":"2024-07-06T10:37:48","date_gmt":"2024-07-06T08:37:48","guid":{"rendered":"https:\/\/bastidesigalas.fr\/?page_id=427"},"modified":"2025-12-03T15:30:36","modified_gmt":"2025-12-03T14:30:36","slug":"activites-seminaires-residentiels","status":"publish","type":"page","link":"https:\/\/bastidesigalas.fr\/?page_id=427","title":{"rendered":"S\u00e9minaires r\u00e9sidentiels"},"content":{"rendered":"\n<div class=\"wp-block-cover wp-duotone-unset-1\"><span aria-hidden=\"true\" class=\"wp-block-cover__background has-background-dim\"><\/span><div class=\"wp-block-cover__inner-container is-layout-flow wp-block-cover-is-layout-flow\">\n<p class=\"has-text-align-center has-large-font-size\"><\/p>\n\n\n\n<div class=\"wp-block-cover aligncenter\" style=\"min-height:411px;aspect-ratio:unset;\"><img loading=\"lazy\" decoding=\"async\" width=\"1024\" height=\"683\" class=\"wp-block-cover__image-background wp-image-429\" alt=\"\" src=\"https:\/\/bastidesigalas.fr\/wp-content\/uploads\/2024\/07\/Z9D6462-1-1024x683.jpg\" data-object-fit=\"cover\" srcset=\"https:\/\/bastidesigalas.fr\/wp-content\/uploads\/2024\/07\/Z9D6462-1-1024x683.jpg 1024w, https:\/\/bastidesigalas.fr\/wp-content\/uploads\/2024\/07\/Z9D6462-1-300x200.jpg 300w, https:\/\/bastidesigalas.fr\/wp-content\/uploads\/2024\/07\/Z9D6462-1-768x512.jpg 768w, https:\/\/bastidesigalas.fr\/wp-content\/uploads\/2024\/07\/Z9D6462-1-1536x1024.jpg 1536w, https:\/\/bastidesigalas.fr\/wp-content\/uploads\/2024\/07\/Z9D6462-1-2048x1366.jpg 2048w\" sizes=\"auto, (max-width: 1024px) 100vw, 1024px\" \/><span aria-hidden=\"true\" class=\"wp-block-cover__background has-background-dim\"><\/span><div class=\"wp-block-cover__inner-container is-layout-flow wp-block-cover-is-layout-flow\">\n<p class=\"has-text-align-center has-white-color has-text-color has-link-color has-large-font-size wp-elements-c9561e9e360ed0fa9519cf6e5f731226\" style=\"text-transform:none\"><strong>D\u00e9couvrez notre espace unique pour vos s\u00e9minaires r\u00e9sidentiels<\/strong><\/p>\n<\/div><\/div>\n<\/div><\/div>\n\n\n\n<p><\/p>\n\n\n\n<p style=\"text-transform:none\">Vous recherchez l\u2019endroit id\u00e9al pour organiser votre prochain s\u00e9minaire r\u00e9sidentiel ? \n<br>Ne cherchez plus ! Notre espace, nich\u00e9 au c\u0153ur du Piemont C\u00e9v\u00e9nol \u00e0 Pompignan, dans le hameau de Sigalas, offre un cadre exceptionnel et inspirant, parfait pour stimuler la cr\u00e9ativit\u00e9 et la collaboration de votre \u00e9quipe.<\/p>\n\n\n<div class=\"wp-block-image is-style-rounded\">\n<figure class=\"aligncenter size-large is-resized\"><img loading=\"lazy\" decoding=\"async\" width=\"1024\" height=\"768\" src=\"https:\/\/bastidesigalas.fr\/wp-content\/uploads\/2024\/10\/1729529798145-1024x768.jpg\" alt=\"\" class=\"wp-image-478\" style=\"width:318px;height:auto\" srcset=\"https:\/\/bastidesigalas.fr\/wp-content\/uploads\/2024\/10\/1729529798145-1024x768.jpg 1024w, https:\/\/bastidesigalas.fr\/wp-content\/uploads\/2024\/10\/1729529798145-300x225.jpg 300w, https:\/\/bastidesigalas.fr\/wp-content\/uploads\/2024\/10\/1729529798145-768x576.jpg 768w, https:\/\/bastidesigalas.fr\/wp-content\/uploads\/2024\/10\/1729529798145-1536x1152.jpg 1536w, https:\/\/bastidesigalas.fr\/wp-content\/uploads\/2024\/10\/1729529798145-2048x1536.jpg 2048w\" sizes=\"auto, (max-width: 1024px) 100vw, 1024px\" \/><\/figure>\n<\/div>\n\n\n<h3 class=\"wp-block-heading\" style=\"text-transform:none\"><strong>Pourquoi choisir notre espace pour vos s\u00e9minaires r\u00e9sidentiels ?<\/strong><\/h3>\n\n\n\n<ol class=\"wp-block-list\">\n<li>Un <strong>cadre enchanteur<\/strong> <br>Plongez vos participants dans un environnement serein et verdoyant. Notre site est entour\u00e9 de magnifiques paysages qui favorisent la d\u00e9tente et la r\u00e9flexion.<\/li>\n\n\n\n<li>La <strong>salle de s\u00e9minaire <\/strong>\n<br>D\u2019une surface de 60 m<sup>2<\/sup>, situ\u00e9e dans le jardin, ind\u00e9pendante de la maison principale, cette salle avec vue sur les C\u00e9vennes peut \u00eatre am\u00e9nag\u00e9e pour des s\u00e9minaires de travail, des activit\u00e9s de groupe (yoga, m\u00e9ditation, \u2026). Elle est accessible aux PMR et \u00e9quip\u00e9e de toilettes adapt\u00e9es&nbsp;ainsi que d\u2019un coin cuisine pour les pauses caf\u00e9s.<\/li>\n\n\n\n<li>Un <strong><a href=\"https:\/\/bastidesigalas.fr\/?page_id=81\" target=\"_blank\" rel=\"noopener\" title=\"h\u00e9bergement\">h\u00e9bergement confortable<\/a><\/strong> <br>Nos chambres pouvant accueillir 10 personnes, \u00e9l\u00e9gamment d\u00e9cor\u00e9es offrent un espace de repos parfait apr\u00e8s une journ\u00e9e intense de travail. Chaque chambre poss\u00e8de sa salle de bain. <br>A votre disposition 2 suites avec un grand lit et 3 chambres avec lits s\u00e9par\u00e9s selon demande. <\/li>\n\n\n\n<li>Les <strong>repas<\/strong> sont partag\u00e9s dans la salle \u00e0 manger sous des voutes en pierre centenaires dans la maison principale. <br>Nous pouvons vous proposer une vari\u00e9t\u00e9 de menus adapt\u00e9s \u00e0 tous les go\u00fbts et r\u00e9gimes alimentaires, pour que chaque repas soit un moment de plaisir et de convivialit\u00e9.<\/li>\n\n\n\n<li><a href=\"https:\/\/bastidesigalas.fr\/?page_id=195\" title=\"\"><strong>Pour nous rejoindre<\/strong> <\/a><br>Situ\u00e9e \u00e0 moins d&rsquo;une heure de Montpellier et de Nimes, la Bastide de Sigalas est facilement accessible par la route en offrant une \u00e9vasion au calme. <\/li>\n<\/ol>\n\n\n\n<p><\/p>\n\n\n\n<h3 class=\"wp-block-heading\" style=\"text-transform:none\"><strong>R\u00e9servez d\u00e8s maintenant<\/strong><\/h3>\n\n\n\n<p style=\"text-transform:none\">Ne manquez pas l\u2019opportunit\u00e9 d\u2019offrir \u00e0 vos collaborateurs un s\u00e9minaire r\u00e9sidentiel m\u00e9morable. <a href=\"https:\/\/bastidesigalas.fr\/?page_id=294\" title=\"Contact\">Contactez-nous<\/a> d\u00e8s aujourd\u2019hui pour plus d\u2019informations et pour r\u00e9server vos dates: <\/p>\n\n\n\n<p><\/p>\n\n\n\n<ul class=\"wp-block-list\">\n<li>T\u00e9l\u00e9phone : 07 82 28 34 80<\/li>\n\n\n\n<li>Email : BastideSigalas@gmail.com<\/li>\n\n\n\n<li>Site Web : BastideSigalas.fr<\/li>\n<\/ul>\n\n\n\n<p style=\"text-transform:none\">Transformez vos s\u00e9minaires en une exp\u00e9rience enrichissante et inoubliable. <br>Nous avons h\u00e2te de vous accueillir !<\/p>\n\n\n\n<figure class=\"wp-block-gallery has-nested-images columns-default is-cropped wp-block-gallery-2 is-layout-flex wp-block-gallery-is-layout-flex\">\n<figure class=\"wp-block-image size-large is-style-rounded\"><img loading=\"lazy\" decoding=\"async\" width=\"1024\" height=\"683\" data-id=\"350\" src=\"https:\/\/bastidesigalas.fr\/wp-content\/uploads\/2024\/06\/DJI_0909-1024x683.jpg\" alt=\"\" class=\"wp-image-350\" srcset=\"https:\/\/bastidesigalas.fr\/wp-content\/uploads\/2024\/06\/DJI_0909-1024x683.jpg 1024w, https:\/\/bastidesigalas.fr\/wp-content\/uploads\/2024\/06\/DJI_0909-300x200.jpg 300w, https:\/\/bastidesigalas.fr\/wp-content\/uploads\/2024\/06\/DJI_0909-768x512.jpg 768w, https:\/\/bastidesigalas.fr\/wp-content\/uploads\/2024\/06\/DJI_0909-1536x1024.jpg 1536w, https:\/\/bastidesigalas.fr\/wp-content\/uploads\/2024\/06\/DJI_0909-2048x1366.jpg 2048w\" sizes=\"auto, (max-width: 1024px) 100vw, 1024px\" \/><\/figure>\n\n\n\n<figure class=\"wp-block-image size-large is-style-rounded\"><img loading=\"lazy\" decoding=\"async\" width=\"768\" height=\"1024\" data-id=\"345\" src=\"https:\/\/bastidesigalas.fr\/wp-content\/uploads\/2024\/06\/IMG20240616192213-768x1024.jpg\" alt=\"\" class=\"wp-image-345\" srcset=\"https:\/\/bastidesigalas.fr\/wp-content\/uploads\/2024\/06\/IMG20240616192213-768x1024.jpg 768w, https:\/\/bastidesigalas.fr\/wp-content\/uploads\/2024\/06\/IMG20240616192213-225x300.jpg 225w, https:\/\/bastidesigalas.fr\/wp-content\/uploads\/2024\/06\/IMG20240616192213-1152x1536.jpg 1152w, https:\/\/bastidesigalas.fr\/wp-content\/uploads\/2024\/06\/IMG20240616192213-1536x2048.jpg 1536w, https:\/\/bastidesigalas.fr\/wp-content\/uploads\/2024\/06\/IMG20240616192213-scaled.jpg 1920w\" sizes=\"auto, (max-width: 768px) 100vw, 768px\" \/><\/figure>\n\n\n\n<figure class=\"wp-block-image size-large is-style-rounded\"><img loading=\"lazy\" decoding=\"async\" width=\"1024\" height=\"459\" data-id=\"121\" src=\"https:\/\/bastidesigalas.fr\/wp-content\/uploads\/2024\/05\/IMG20230628185230-1024x459.jpg\" alt=\"\" class=\"wp-image-121\" srcset=\"https:\/\/bastidesigalas.fr\/wp-content\/uploads\/2024\/05\/IMG20230628185230-1024x459.jpg 1024w, https:\/\/bastidesigalas.fr\/wp-content\/uploads\/2024\/05\/IMG20230628185230-300x134.jpg 300w, https:\/\/bastidesigalas.fr\/wp-content\/uploads\/2024\/05\/IMG20230628185230-768x344.jpg 768w, https:\/\/bastidesigalas.fr\/wp-content\/uploads\/2024\/05\/IMG20230628185230-1536x688.jpg 1536w, https:\/\/bastidesigalas.fr\/wp-content\/uploads\/2024\/05\/IMG20230628185230-2048x917.jpg 2048w\" sizes=\"auto, (max-width: 1024px) 100vw, 1024px\" \/><\/figure>\n\n\n\n<figure class=\"wp-block-image size-large is-style-rounded\"><img loading=\"lazy\" decoding=\"async\" width=\"1024\" height=\"683\" data-id=\"358\" src=\"https:\/\/bastidesigalas.fr\/wp-content\/uploads\/2024\/06\/Z9D6446-1024x683.jpg\" alt=\"\" class=\"wp-image-358\" srcset=\"https:\/\/bastidesigalas.fr\/wp-content\/uploads\/2024\/06\/Z9D6446-1024x683.jpg 1024w, https:\/\/bastidesigalas.fr\/wp-content\/uploads\/2024\/06\/Z9D6446-300x200.jpg 300w, https:\/\/bastidesigalas.fr\/wp-content\/uploads\/2024\/06\/Z9D6446-768x512.jpg 768w, https:\/\/bastidesigalas.fr\/wp-content\/uploads\/2024\/06\/Z9D6446-1536x1024.jpg 1536w, https:\/\/bastidesigalas.fr\/wp-content\/uploads\/2024\/06\/Z9D6446-2048x1366.jpg 2048w\" sizes=\"auto, (max-width: 1024px) 100vw, 1024px\" \/><\/figure>\n\n\n\n<figure class=\"wp-block-image size-large is-style-rounded\"><img loading=\"lazy\" decoding=\"async\" width=\"1024\" height=\"683\" data-id=\"364\" src=\"https:\/\/bastidesigalas.fr\/wp-content\/uploads\/2024\/06\/Z9D6539-1024x683.jpg\" alt=\"\" class=\"wp-image-364\" srcset=\"https:\/\/bastidesigalas.fr\/wp-content\/uploads\/2024\/06\/Z9D6539-1024x683.jpg 1024w, https:\/\/bastidesigalas.fr\/wp-content\/uploads\/2024\/06\/Z9D6539-300x200.jpg 300w, https:\/\/bastidesigalas.fr\/wp-content\/uploads\/2024\/06\/Z9D6539-768x512.jpg 768w, https:\/\/bastidesigalas.fr\/wp-content\/uploads\/2024\/06\/Z9D6539-1536x1024.jpg 1536w, https:\/\/bastidesigalas.fr\/wp-content\/uploads\/2024\/06\/Z9D6539-2048x1366.jpg 2048w\" sizes=\"auto, (max-width: 1024px) 100vw, 1024px\" \/><\/figure>\n<\/figure>\n\n\n\n<p>Patrick<\/p>\n\n\n\n<p><\/p>\n","protected":false},"excerpt":{"rendered":"<p>Vous recherchez l\u2019endroit id\u00e9al pour organiser votre prochain s\u00e9minaire r\u00e9sidentiel ? Ne cherchez plus ! Notre espace, nich\u00e9 au c\u0153ur du Piemont C\u00e9v\u00e9nol \u00e0 Pompignan, dans le hameau de Sigalas, offre un cadre exceptionnel et inspirant, parfait pour stimuler la cr\u00e9ativit\u00e9 et la collaboration de votre \u00e9quipe. Pourquoi choisir notre espace pour vos s\u00e9minaires r\u00e9sidentiels [&hellip;]<\/p>\n","protected":false},"author":1,"featured_media":0,"parent":0,"menu_order":0,"comment_status":"closed","ping_status":"closed","template":"page-template\/ibtana-page-template.php","meta":{"om_disable_all_campaigns":false,"_monsterinsights_skip_tracking":false,"_monsterinsights_sitenote_active":false,"_monsterinsights_sitenote_note":"","_monsterinsights_sitenote_category":0,"footnotes":""},"class_list":["post-427","page","type-page","status-publish","hentry"],"aioseo_notices":[],"_links":{"self":[{"href":"https:\/\/bastidesigalas.fr\/index.php?rest_route=\/wp\/v2\/pages\/427","targetHints":{"allow":["GET"]}}],"collection":[{"href":"https:\/\/bastidesigalas.fr\/index.php?rest_route=\/wp\/v2\/pages"}],"about":[{"href":"https:\/\/bastidesigalas.fr\/index.php?rest_route=\/wp\/v2\/types\/page"}],"author":[{"embeddable":true,"href":"https:\/\/bastidesigalas.fr\/index.php?rest_route=\/wp\/v2\/users\/1"}],"replies":[{"embeddable":true,"href":"https:\/\/bastidesigalas.fr\/index.php?rest_route=%2Fwp%2Fv2%2Fcomments&post=427"}],"version-history":[{"count":23,"href":"https:\/\/bastidesigalas.fr\/index.php?rest_route=\/wp\/v2\/pages\/427\/revisions"}],"predecessor-version":[{"id":765,"href":"https:\/\/bastidesigalas.fr\/index.php?rest_route=\/wp\/v2\/pages\/427\/revisions\/765"}],"wp:attachment":[{"href":"https:\/\/bastidesigalas.fr\/index.php?rest_route=%2Fwp%2Fv2%2Fmedia&parent=427"}],"curies":[{"name":"wp","href":"https:\/\/api.w.org\/{rel}","templated":true}]}}