{"id":515,"date":"2024-12-16T23:13:52","date_gmt":"2024-12-16T22:13:52","guid":{"rendered":"https:\/\/bastidesigalas.fr\/?page_id=515"},"modified":"2026-01-22T14:19:54","modified_gmt":"2026-01-22T13:19:54","slug":"faire-plaisir-offres-bons-cadeaux","status":"publish","type":"page","link":"https:\/\/bastidesigalas.fr\/?page_id=515","title":{"rendered":"(Se)Faire plaisir: offres, bons cadeaux"},"content":{"rendered":"\n<p><\/p>\n\n\n\n<h2 class=\"wp-block-heading\" style=\"text-transform:none\">Bons cadeaux<\/h2>\n\n\n\n<p style=\"text-transform:none\">Envie de (se) faire plaisir, n&rsquo;h\u00e9sitez pas \u00e0 commander un bon cadeau selon une des formules suivantes:<\/p>\n\n\n\n<ul class=\"wp-block-list\">\n<li><strong>B1<\/strong>: 1 nuit pour 2 personnes avec ap\u00e9ritif d\u00eenatoire au champagne: 150 \u20ac<\/li>\n\n\n\n<li><strong>B2<\/strong>: 2 nuits pour 2 personnes avec 1 ap\u00e9ritif d\u00eenatoire au champagne: 250 \u20ac<\/li>\n\n\n\n<li><strong>B1<\/strong>M: B1 avec 2 massages personnalis\u00e9s: 250 \u20ac<\/li>\n\n\n\n<li><strong>B2<\/strong>M: B2 avec 2 massages personnalis\u00e9s: 330 \u20ac<\/li>\n<\/ul>\n\n\n\n<p style=\"text-transform:none\">Ces bons comprenant l&rsquo;h\u00e9bergement sont valables pour les mois de <strong>mars, avril, juin et septembre 2026<\/strong>, sur r\u00e9servation par t\u00e9l\u00e9phone ou email. Ils ne sont ni remboursables, ni \u00e9changeables.<\/p>\n\n\n\n<p style=\"text-transform:none\">Envie d&rsquo;offrir un massage, un bon moment de relaxation, de bien-\u00eatre dans un cadre magique, voici pour vous des bons cadeaux pour faire plaisir pendant les p\u00e9riodes d&rsquo;ouverture de la Bastide ou \u00e0 domicile.<\/p>\n\n\n\n<div class=\"wp-block-group\"><div class=\"wp-block-group__inner-container is-layout-constrained wp-block-group-is-layout-constrained\">\n<ul class=\"wp-block-list\">\n<li>M1: massage 1heure &#8211; 70 \u20ac<\/li>\n\n\n\n<li>M2: massage 1h30 &#8211; 90 \u20ac<\/li>\n\n\n\n<li>M3: massage 45 minutes &#8211; 40 \u20ac<\/li>\n<\/ul>\n<\/div><\/div>\n\n\n\n<p style=\"text-transform:none\">Envie d&rsquo;un bon cadeau tr\u00e8s personnalis\u00e9 dans sa composition, n&rsquo;h\u00e9sitez pas \u00e0 nous contacter. <\/p>\n\n\n\n<p style=\"text-transform:none\">Veuillez utiliser le <a href=\"https:\/\/bastidesigalas.fr\/?page_id=294\" target=\"_blank\" rel=\"noopener\" title=\"formulaire de contact\">formulaire de contact<\/a> pour commander votre bon cadeau.<\/p>\n\n\n\n<p><\/p>\n","protected":false},"excerpt":{"rendered":"<p>Bons cadeaux Envie de (se) faire plaisir, n&rsquo;h\u00e9sitez pas \u00e0 commander un bon cadeau selon une des formules suivantes: Ces bons comprenant l&rsquo;h\u00e9bergement sont valables pour les mois de mars, avril, juin et septembre 2026, sur r\u00e9servation par t\u00e9l\u00e9phone ou email. Ils ne sont ni remboursables, ni \u00e9changeables. Envie d&rsquo;offrir un massage, un bon moment [&hellip;]<\/p>\n","protected":false},"author":1,"featured_media":0,"parent":0,"menu_order":0,"comment_status":"closed","ping_status":"closed","template":"","meta":{"om_disable_all_campaigns":false,"_monsterinsights_skip_tracking":false,"_monsterinsights_sitenote_active":false,"_monsterinsights_sitenote_note":"","_monsterinsights_sitenote_category":0,"footnotes":""},"class_list":["post-515","page","type-page","status-publish","hentry"],"aioseo_notices":[],"_links":{"self":[{"href":"https:\/\/bastidesigalas.fr\/index.php?rest_route=\/wp\/v2\/pages\/515","targetHints":{"allow":["GET"]}}],"collection":[{"href":"https:\/\/bastidesigalas.fr\/index.php?rest_route=\/wp\/v2\/pages"}],"about":[{"href":"https:\/\/bastidesigalas.fr\/index.php?rest_route=\/wp\/v2\/types\/page"}],"author":[{"embeddable":true,"href":"https:\/\/bastidesigalas.fr\/index.php?rest_route=\/wp\/v2\/users\/1"}],"replies":[{"embeddable":true,"href":"https:\/\/bastidesigalas.fr\/index.php?rest_route=%2Fwp%2Fv2%2Fcomments&post=515"}],"version-history":[{"count":22,"href":"https:\/\/bastidesigalas.fr\/index.php?rest_route=\/wp\/v2\/pages\/515\/revisions"}],"predecessor-version":[{"id":836,"href":"https:\/\/bastidesigalas.fr\/index.php?rest_route=\/wp\/v2\/pages\/515\/revisions\/836"}],"wp:attachment":[{"href":"https:\/\/bastidesigalas.fr\/index.php?rest_route=%2Fwp%2Fv2%2Fmedia&parent=515"}],"curies":[{"name":"wp","href":"https:\/\/api.w.org\/{rel}","templated":true}]}}