{"id":552,"date":"2025-03-24T15:19:00","date_gmt":"2025-03-24T14:19:00","guid":{"rendered":"https:\/\/bastidesigalas.fr\/?page_id=552"},"modified":"2026-04-09T09:31:04","modified_gmt":"2026-04-09T07:31:04","slug":"calendrier-et-les-disponibilites","status":"publish","type":"page","link":"https:\/\/bastidesigalas.fr\/?page_id=552","title":{"rendered":"Tarifs et calendrier des disponibilit\u00e9s"},"content":{"rendered":"\n<ul class=\"wp-block-list\">\n<li id=\"suites-et-chambres\" class=\"has-vivid-cyan-blue-color has-text-color has-link-color has-small-font-size wp-elements-f78afd6b01415a608427ec938cc36d69\"><a href=\"#suites-et-chambres\" title=\"les suites et chambres\">les suites et chambres<\/a><\/li>\n\n\n\n<li class=\"has-vivid-cyan-blue-color has-text-color has-link-color wp-elements-cbf226d4912f342d45f355923f2e11ce\"><a href=\"#Tabledhote\" title=\"\">La table d&rsquo;h\u00f4te<\/a><\/li>\n\n\n\n<li class=\"has-vivid-cyan-blue-color has-text-color has-link-color wp-elements-248a91748cf9b32480fdb2fce3288176\"><a href=\"https:\/\/bastidesigalas.fr\/?page_id=299\" title=\"\">les massages bien-\u00eatre<\/a><\/li>\n\n\n\n<li class=\"has-vivid-cyan-blue-color has-text-color has-link-color wp-elements-7da849540d6060a34ad5eddd69d392dd\"><a href=\"#LocationVAE\" title=\"\">Location de VAE<\/a><\/li>\n<\/ul>\n\n\n\n<p><\/p>\n\n\n\n<h2 class=\"wp-block-heading\" style=\"text-transform:none\">Les suites et chambres<\/h2>\n\n\n\n<p class=\"has-medium-font-size\" id=\"Suites-et-chambres\" style=\"text-transform:none\">Prix en \u20acuros pour une nuit\u00e9e en occupation simple ou double, petit-d\u00e9jeuner inclus,<\/p>\n\n\n\n<p class=\"has-medium-font-size\" style=\"text-transform:none\">Taxe de s\u00e9jour par jour et par personne majeure: 0,50 \u20acuro en suppl\u00e9ment, \u00e0 r\u00e9gler sur place lors de votre arriv\u00e9e.<\/p>\n\n\n\n<p class=\"has-medium-font-size\" style=\"text-transform:none\">Vous disposez d\u2019une connexion Internet wi-fi s\u00e9curis\u00e9e incluse dans le prix de la nuit\u00e9e.<\/p>\n\n\n\n<ul class=\"wp-block-list\">\n<li class=\"has-medium-font-size\">2 nuits au minimum du 3 juillet au 1er septembre ainsi que les ponts de mai<\/li>\n\n\n\n<li class=\"has-medium-font-size\">Occupation par une seule personne, r\u00e9duction de 5 \u20ac<\/li>\n\n\n\n<li class=\"has-medium-font-size\">Votre accueil se fait \u00e0 partir de 17h jusqu\u2019\u00e0 19h, sauf arrangement pr\u00e9alable, et le d\u00e9part au plus tard \u00e0 11h.<\/li>\n\n\n\n<li class=\"has-medium-font-size\">En \u00e9t\u00e9 et lors des longs week-ends de mai, l&rsquo;accueil des enfants n&rsquo;est pas souhait\u00e9 (sauf en location g\u00eete), veuillez nous contacter au pr\u00e9alable. Les animaux ne peuvent \u00eatre accueillis pour le confort de tous. En cas de non-respect de cette clause, les propri\u00e9taires refuseront votre accueil. Ce refus ne peut \u00eatre en aucun cas consid\u00e9r\u00e9 comme une modification ou une rupture de r\u00e9servation, de sorte qu\u2019aucun remboursement ne peut \u00eatre envisag\u00e9.<\/li>\n\n\n\n<li class=\"has-medium-font-size\"><mark style=\"background-color:rgba(0, 0, 0, 0)\" class=\"has-inline-color has-vivid-red-color\">La Bastide peut se louer en format g\u00eete durant les p\u00e9riodes suivantes &#8211; Prix par nuit pour la Bastide comprenant le linge de literie et les serviettes de toilettes, le petit-d\u00e9jeuner n&rsquo;est pas compris. Le m\u00e9nage des chambres est compris, mais pas celui des espaces communs qui est \u00e0 votre charge. <\/mark>\n<ul class=\"wp-block-list\">\n<li><strong>Juillet &#8211; Ao\u00fbt 2026: <\/strong><mark style=\"background-color:rgba(0, 0, 0, 0)\" class=\"has-inline-color has-vivid-red-color\">minimum de 5 nuits<\/mark> &#8211; 565 \u20ac par nuit<\/li>\n\n\n\n<li><strong>No\u00ebl 2026<\/strong>: du 23 au 29 d\u00e9cembre 500\u20ac par nuit, 3 nuits minimum<\/li>\n\n\n\n<li><strong>Autres dates<\/strong>: me contacter<\/li>\n<\/ul>\n<\/li>\n\n\n\n<li class=\"has-medium-font-size\">R\u00e9servation via la page <a href=\"https:\/\/bastidesigalas.fr\/?page_id=294\" target=\"_blank\" rel=\"noopener\" title=\"\">Contact &amp; R\u00e9servations<\/a><\/li>\n\n\n\n<li class=\"has-medium-font-size\"><strong>Modes de paiement accept\u00e9s<\/strong>: virement bancaire, carte bancaire, esp\u00e8ces (ch\u00e8que non accept\u00e9)<\/li>\n\n\n\n<li class=\"has-medium-font-size\"><strong>Afin de garantir votre r\u00e9servation, un acompte de 30% de votre s\u00e9jour vous sera demand\u00e9. En cas d\u2019annulation de votre part moins de 14 jours avant votre r\u00e9servation, cet acompte restera acquis.<\/strong>&nbsp;<\/li>\n<\/ul>\n\n\n\n<figure class=\"wp-block-image size-full is-resized\"><img loading=\"lazy\" decoding=\"async\" width=\"500\" height=\"507\" src=\"https:\/\/bastidesigalas.fr\/wp-content\/uploads\/2025\/11\/2026-Tarifs-Image-1.jpg\" alt=\"\" class=\"wp-image-722\" style=\"width:347px;height:auto\" srcset=\"https:\/\/bastidesigalas.fr\/wp-content\/uploads\/2025\/11\/2026-Tarifs-Image-1.jpg 500w, https:\/\/bastidesigalas.fr\/wp-content\/uploads\/2025\/11\/2026-Tarifs-Image-1-296x300.jpg 296w\" sizes=\"auto, (max-width: 500px) 100vw, 500px\" \/><\/figure>\n\n\n\n<p><\/p>\n\n\n\n<p><\/p>\n\n\n<p><iframe style='overflow:auto;-webkit-overflow-scrolling:touch;border:none;' height='500' width='100%' src='https:\/\/widget.itea.fr\/widget.php?key=fkmrpqshz&#038;numgite=30G20242&#038;widget-itea=dispo&#038;nbmois=2&#038;nbmois-ligne=2&#038;numChambre=1' ><\/iframe><\/p>\n\n\n<p><iframe style='overflow:auto;-webkit-overflow-scrolling:touch;border:none;' height='500' width='100%' src='https:\/\/widget.itea.fr\/widget.php?key=fkmrpqshz&#038;numgite=30G20242&#038;widget-itea=dispo&#038;nbmois=2&#038;nbmois-ligne=2&#038;numChambre=2' ><\/iframe><\/p>\n\n\n<p><iframe style='overflow:auto;-webkit-overflow-scrolling:touch;border:none;' height='500' width='100%' src='https:\/\/widget.itea.fr\/widget.php?key=fkmrpqshz&#038;numgite=30G20242&#038;widget-itea=dispo&#038;nbmois=2&#038;nbmois-ligne=2&#038;numChambre=3' ><\/iframe><\/p>\n\n\n<p><iframe style='overflow:auto;-webkit-overflow-scrolling:touch;border:none;' height='500' width='100%' src='https:\/\/widget.itea.fr\/widget.php?key=fkmrpqshz&#038;numgite=30G20242&#038;widget-itea=dispo&#038;nbmois=2&#038;nbmois-ligne=2&#038;numChambre=4' ><\/iframe><\/p>\n\n\n<p><iframe style='overflow:auto;-webkit-overflow-scrolling:touch;border:none;' height='500' width='100%' src='https:\/\/widget.itea.fr\/widget.php?key=fkmrpqshz&#038;numgite=30G20242&#038;widget-itea=dispo&#038;nbmois=2&#038;nbmois-ligne=2&#038;numChambre=5' ><\/iframe><\/p>\n\n\n\n<p><\/p>\n\n\n\n<h2 class=\"wp-block-heading\" id=\"Tabledhote\" style=\"text-transform:none\">La table d&rsquo;h\u00f4te<\/h2>\n\n\n\n<p class=\"has-medium-font-size\" style=\"text-transform:none\">Sur r\u00e9servation 24h \u00e0 l\u2019avance.<\/p>\n\n\n\n<p>D\u00eener, par personne comprenant une entr\u00e9e, plat et dessert: 30 \u20acuros<\/p>\n\n\n\n<p class=\"has-medium-font-size\" style=\"text-transform:none\">Planche ap\u00e9ritive : 15 \u20acuros, pour votre d\u00e9gustation, au choix<\/p>\n\n\n\n<ul class=\"wp-block-list\">\n<li class=\"has-medium-font-size\">Charcuterie<\/li>\n\n\n\n<li class=\"has-medium-font-size\">Fromage<\/li>\n\n\n\n<li class=\"has-medium-font-size\">Mixte<\/li>\n\n\n\n<li class=\"has-medium-font-size\">V\u00e9g\u00e9tarienne<\/li>\n<\/ul>\n\n\n\n<p class=\"has-medium-font-size\" style=\"text-transform:none\"><\/p>\n\n\n\n<p class=\"has-medium-font-size\" style=\"text-transform:none\">Le tarif du vin au verre ou \u00e0 la bouteille d\u00e9pend de votre choix.<\/p>\n\n\n\n<h2 class=\"wp-block-heading\" style=\"text-transform:none\">Les massages bien-\u00eatre<\/h2>\n\n\n\n<p class=\"has-medium-font-size\"><a href=\"https:\/\/bastidesigalas.fr\/?page_id=299\" target=\"_blank\" rel=\"noopener\" title=\"\">Voir la page Massages<\/a><\/p>\n\n\n\n<h2 class=\"wp-block-heading\" id=\"LocationVAE\">Location VAE<\/h2>\n\n\n\n<p class=\"has-medium-font-size\" style=\"text-transform:none\">A votre disposition 2 v\u00e9los \u00e0 assistance \u00e9lectrique pour d\u00e9couvrir les routes et chemins alentours. <br>D&rsquo;une autonomie d&rsquo;environ 60 km, partez \u00e0 l&rsquo;aventure. <br>Tarif: 25 \u20acuros le VAE pour la journ\u00e9e<\/p>\n\n\n\n<p><\/p>\n","protected":false},"excerpt":{"rendered":"<p>Les suites et chambres Prix en \u20acuros pour une nuit\u00e9e en occupation simple ou double, petit-d\u00e9jeuner inclus, Taxe de s\u00e9jour par jour et par personne majeure: 0,50 \u20acuro en suppl\u00e9ment, \u00e0 r\u00e9gler sur place lors de votre arriv\u00e9e. Vous disposez d\u2019une connexion Internet wi-fi s\u00e9curis\u00e9e incluse dans le prix de la nuit\u00e9e. La table d&rsquo;h\u00f4te [&hellip;]<\/p>\n","protected":false},"author":1,"featured_media":0,"parent":0,"menu_order":0,"comment_status":"closed","ping_status":"closed","template":"","meta":{"om_disable_all_campaigns":false,"_monsterinsights_skip_tracking":false,"_monsterinsights_sitenote_active":false,"_monsterinsights_sitenote_note":"","_monsterinsights_sitenote_category":0,"footnotes":""},"class_list":["post-552","page","type-page","status-publish","hentry"],"aioseo_notices":[],"_links":{"self":[{"href":"https:\/\/bastidesigalas.fr\/index.php?rest_route=\/wp\/v2\/pages\/552","targetHints":{"allow":["GET"]}}],"collection":[{"href":"https:\/\/bastidesigalas.fr\/index.php?rest_route=\/wp\/v2\/pages"}],"about":[{"href":"https:\/\/bastidesigalas.fr\/index.php?rest_route=\/wp\/v2\/types\/page"}],"author":[{"embeddable":true,"href":"https:\/\/bastidesigalas.fr\/index.php?rest_route=\/wp\/v2\/users\/1"}],"replies":[{"embeddable":true,"href":"https:\/\/bastidesigalas.fr\/index.php?rest_route=%2Fwp%2Fv2%2Fcomments&post=552"}],"version-history":[{"count":54,"href":"https:\/\/bastidesigalas.fr\/index.php?rest_route=\/wp\/v2\/pages\/552\/revisions"}],"predecessor-version":[{"id":901,"href":"https:\/\/bastidesigalas.fr\/index.php?rest_route=\/wp\/v2\/pages\/552\/revisions\/901"}],"wp:attachment":[{"href":"https:\/\/bastidesigalas.fr\/index.php?rest_route=%2Fwp%2Fv2%2Fmedia&parent=552"}],"curies":[{"name":"wp","href":"https:\/\/api.w.org\/{rel}","templated":true}]}}