{"id":773,"date":"2026-03-08T17:14:05","date_gmt":"2026-03-08T16:14:05","guid":{"rendered":"https:\/\/bastidesigalas.fr\/?page_id=773"},"modified":"2026-03-08T17:16:12","modified_gmt":"2026-03-08T16:16:12","slug":"envie-dailleurs","status":"publish","type":"page","link":"https:\/\/bastidesigalas.fr\/?page_id=773","title":{"rendered":"Envie d&rsquo;ailleurs ?"},"content":{"rendered":"\n<p style=\"font-style:normal;font-weight:400;text-transform:none\">Une envie de d\u00e9couvrir le monde ou tout simplement de passer un bon moment dans des beaux lieux anim\u00e9s par de belles personnes que j&rsquo;appr\u00e9cie et que j&rsquo;esp\u00e8re vous apprendrez \u00e0 conna\u00eetre. <br><br><strong>En France<\/strong>, sur la presqu&rsquo;\u00eele de Giens avec une vue fantastique sur la plage de l&rsquo;Almanarre et de superbes balades dans les criques: g\u00eete <a href=\"https:\/\/lapetitebourdonnerie.fr\/\" target=\"_blank\" rel=\"noopener\" title=\"La petite Bourdonnerie \">La petite Bourdonnerie <\/a>, Denis et Nathalie<\/p>\n\n\n<div class=\"wp-block-image\">\n<figure class=\"aligncenter size-full is-resized\"><a href=\"https:\/\/lapetitebourdonnerie.fr\/\" target=\"_blank\" rel=\" noreferrer noopener\"><img decoding=\"async\" src=\"https:\/\/bastidesigalas.fr\/wp-content\/uploads\/2025\/12\/logo-la-petite-bourdonnerie.avif\" alt=\"\" class=\"wp-image-774\" style=\"width:225px;height:auto\"\/><\/a><\/figure>\n<\/div>\n\n\n<p style=\"text-transform:none\"><strong>En Belgique,<\/strong> \u00e0 Ellezelles, une g\u00eete exceptionnel avec billard et plein d&rsquo;autres surprises, \u00e0 d\u00e9couvrir <a href=\"https:\/\/www.gitelarchipel.be\/\" title=\"\">L&rsquo;archipel<\/a>  avec Nicolas<\/p>\n\n\n<div class=\"wp-block-image\">\n<figure class=\"aligncenter size-full is-resized\"><a href=\"https:\/\/www.gitelarchipel.be\/\"><img loading=\"lazy\" decoding=\"async\" width=\"300\" height=\"199\" src=\"https:\/\/bastidesigalas.fr\/wp-content\/uploads\/2026\/01\/image.png\" alt=\"\" class=\"wp-image-813\" style=\"aspect-ratio:1.5077118106908938;width:223px;height:auto\"\/><\/a><\/figure>\n<\/div>\n\n\n<p style=\"text-transform:none\"><strong>Au Br\u00e9sil<\/strong>, un village de p\u00eacheurs, Pontal de Maceio, des plages magnifiques pour le kite-surf et des balades \u00e0 cheval: <a href=\"https:\/\/www.google.com\/maps\/place\/Pousada+Recanto+Beija-Flor+B%26B\/@-4.4064001,-37.7773632,276m\/data=!3m1!1e3!4m17!1m7!3m6!1s0x7b84f8e7e6e1b3b:0xca694e89adf003f7!2sPontal+de+Maceio+Fortim!8m2!3d-4.4017116!4d-37.7830702!16s%2Fg%2F121rj_s2!3m8!1s0x7b84f85ff798db7:0x2ff15f29f8e2644c!5m2!4m1!1i2!8m2!3d-4.4057577!4d-37.7767352!16s%2Fg%2F11g9d0czsd?entry=ttu&amp;g_ep=EgoyMDI1MTIwMi4wIKXMDSoASAFQAw%3D%3D\" target=\"_blank\" rel=\"noopener\" title=\"\">La Pousada Recanto-Beija-Flor B&amp;B<\/a>, avec Fanny<\/p>\n\n\n\n<div class=\"wp-block-columns is-layout-flex wp-container-core-columns-is-layout-9d6595d7 wp-block-columns-is-layout-flex\">\n<div class=\"wp-block-column is-layout-flow wp-block-column-is-layout-flow\" style=\"flex-basis:25%\">\n<figure class=\"wp-block-image size-large is-resized is-style-rounded\"><img loading=\"lazy\" decoding=\"async\" width=\"1024\" height=\"768\" src=\"https:\/\/bastidesigalas.fr\/wp-content\/uploads\/2025\/12\/IMG-20251015-WA0005-2-1024x768.jpg\" alt=\"\" class=\"wp-image-784\" style=\"width:175px;height:auto\" srcset=\"https:\/\/bastidesigalas.fr\/wp-content\/uploads\/2025\/12\/IMG-20251015-WA0005-2-1024x768.jpg 1024w, https:\/\/bastidesigalas.fr\/wp-content\/uploads\/2025\/12\/IMG-20251015-WA0005-2-300x225.jpg 300w, https:\/\/bastidesigalas.fr\/wp-content\/uploads\/2025\/12\/IMG-20251015-WA0005-2-768x576.jpg 768w, https:\/\/bastidesigalas.fr\/wp-content\/uploads\/2025\/12\/IMG-20251015-WA0005-2-1536x1152.jpg 1536w, https:\/\/bastidesigalas.fr\/wp-content\/uploads\/2025\/12\/IMG-20251015-WA0005-2.jpg 2048w\" sizes=\"auto, (max-width: 1024px) 100vw, 1024px\" \/><\/figure>\n<\/div>\n\n\n\n<div class=\"wp-block-column is-layout-flow wp-block-column-is-layout-flow\" style=\"flex-basis:25%\">\n<figure class=\"wp-block-image size-large is-resized is-style-rounded\"><img loading=\"lazy\" decoding=\"async\" width=\"768\" height=\"1024\" src=\"https:\/\/bastidesigalas.fr\/wp-content\/uploads\/2025\/12\/IMG-20251101-WA0050-1-768x1024.jpg\" alt=\"\" class=\"wp-image-782\" style=\"aspect-ratio:0.7500401348531064;width:133px;height:auto\" srcset=\"https:\/\/bastidesigalas.fr\/wp-content\/uploads\/2025\/12\/IMG-20251101-WA0050-1-768x1024.jpg 768w, https:\/\/bastidesigalas.fr\/wp-content\/uploads\/2025\/12\/IMG-20251101-WA0050-1-225x300.jpg 225w, https:\/\/bastidesigalas.fr\/wp-content\/uploads\/2025\/12\/IMG-20251101-WA0050-1-1152x1536.jpg 1152w, https:\/\/bastidesigalas.fr\/wp-content\/uploads\/2025\/12\/IMG-20251101-WA0050-1.jpg 1200w\" sizes=\"auto, (max-width: 768px) 100vw, 768px\" \/><\/figure>\n<\/div>\n\n\n\n<div class=\"wp-block-column is-layout-flow wp-block-column-is-layout-flow\" style=\"flex-basis:25%\">\n<figure class=\"wp-block-image size-large is-resized is-style-rounded\"><img loading=\"lazy\" decoding=\"async\" width=\"1024\" height=\"768\" src=\"https:\/\/bastidesigalas.fr\/wp-content\/uploads\/2025\/12\/IMG-20251106-WA0023-1-1024x768.jpg\" alt=\"\" class=\"wp-image-783\" style=\"width:188px;height:auto\" srcset=\"https:\/\/bastidesigalas.fr\/wp-content\/uploads\/2025\/12\/IMG-20251106-WA0023-1-1024x768.jpg 1024w, https:\/\/bastidesigalas.fr\/wp-content\/uploads\/2025\/12\/IMG-20251106-WA0023-1-300x225.jpg 300w, https:\/\/bastidesigalas.fr\/wp-content\/uploads\/2025\/12\/IMG-20251106-WA0023-1-768x576.jpg 768w, https:\/\/bastidesigalas.fr\/wp-content\/uploads\/2025\/12\/IMG-20251106-WA0023-1-1536x1152.jpg 1536w, https:\/\/bastidesigalas.fr\/wp-content\/uploads\/2025\/12\/IMG-20251106-WA0023-1.jpg 1600w\" sizes=\"auto, (max-width: 1024px) 100vw, 1024px\" \/><\/figure>\n<\/div>\n\n\n\n<div class=\"wp-block-column is-layout-flow wp-block-column-is-layout-flow\" style=\"flex-basis:25%\">\n<figure class=\"wp-block-image size-large is-resized is-style-rounded\"><img loading=\"lazy\" decoding=\"async\" width=\"1024\" height=\"768\" src=\"https:\/\/bastidesigalas.fr\/wp-content\/uploads\/2025\/12\/IMG-20251106-WA0015-1-1024x768.jpg\" alt=\"\" class=\"wp-image-781\" style=\"width:182px;height:auto\" srcset=\"https:\/\/bastidesigalas.fr\/wp-content\/uploads\/2025\/12\/IMG-20251106-WA0015-1-1024x768.jpg 1024w, https:\/\/bastidesigalas.fr\/wp-content\/uploads\/2025\/12\/IMG-20251106-WA0015-1-300x225.jpg 300w, https:\/\/bastidesigalas.fr\/wp-content\/uploads\/2025\/12\/IMG-20251106-WA0015-1-768x576.jpg 768w, https:\/\/bastidesigalas.fr\/wp-content\/uploads\/2025\/12\/IMG-20251106-WA0015-1-1536x1152.jpg 1536w, https:\/\/bastidesigalas.fr\/wp-content\/uploads\/2025\/12\/IMG-20251106-WA0015-1.jpg 1600w\" sizes=\"auto, (max-width: 1024px) 100vw, 1024px\" \/><\/figure>\n<\/div>\n<\/div>\n\n\n\n<p style=\"text-transform:none\">et l&rsquo;h\u00f4tel <a href=\"https:\/\/hotelvilaveratheresa.com\/\" target=\"_blank\" rel=\"noopener\" title=\"\">Vila Vera Theresa<\/a><\/p>\n\n\n<div class=\"wp-block-image\">\n<figure class=\"aligncenter is-resized\"><a href=\"https:\/\/hotelvilaveratheresa.com\/\"><img decoding=\"async\" src=\"https:\/\/hotelvilaveratheresa.com\/wp-content\/uploads\/2025\/07\/VeraTheresa_logo_COLOR_2025-07.svg\" alt=\"\" style=\"aspect-ratio:2.1872863978127137;width:204px;height:auto\"\/><\/a><\/figure>\n<\/div>\n\n\n<p><\/p>\n","protected":false},"excerpt":{"rendered":"<p>Une envie de d\u00e9couvrir le monde ou tout simplement de passer un bon moment dans des beaux lieux anim\u00e9s par de belles personnes que j&rsquo;appr\u00e9cie et que j&rsquo;esp\u00e8re vous apprendrez \u00e0 conna\u00eetre. En France, sur la presqu&rsquo;\u00eele de Giens avec une vue fantastique sur la plage de l&rsquo;Almanarre et de superbes balades dans les criques: [&hellip;]<\/p>\n","protected":false},"author":1,"featured_media":0,"parent":0,"menu_order":0,"comment_status":"closed","ping_status":"closed","template":"","meta":{"om_disable_all_campaigns":false,"_monsterinsights_skip_tracking":false,"_monsterinsights_sitenote_active":false,"_monsterinsights_sitenote_note":"","_monsterinsights_sitenote_category":0,"footnotes":""},"class_list":["post-773","page","type-page","status-publish","hentry"],"aioseo_notices":[],"_links":{"self":[{"href":"https:\/\/bastidesigalas.fr\/index.php?rest_route=\/wp\/v2\/pages\/773","targetHints":{"allow":["GET"]}}],"collection":[{"href":"https:\/\/bastidesigalas.fr\/index.php?rest_route=\/wp\/v2\/pages"}],"about":[{"href":"https:\/\/bastidesigalas.fr\/index.php?rest_route=\/wp\/v2\/types\/page"}],"author":[{"embeddable":true,"href":"https:\/\/bastidesigalas.fr\/index.php?rest_route=\/wp\/v2\/users\/1"}],"replies":[{"embeddable":true,"href":"https:\/\/bastidesigalas.fr\/index.php?rest_route=%2Fwp%2Fv2%2Fcomments&post=773"}],"version-history":[{"count":29,"href":"https:\/\/bastidesigalas.fr\/index.php?rest_route=\/wp\/v2\/pages\/773\/revisions"}],"predecessor-version":[{"id":887,"href":"https:\/\/bastidesigalas.fr\/index.php?rest_route=\/wp\/v2\/pages\/773\/revisions\/887"}],"wp:attachment":[{"href":"https:\/\/bastidesigalas.fr\/index.php?rest_route=%2Fwp%2Fv2%2Fmedia&parent=773"}],"curies":[{"name":"wp","href":"https:\/\/api.w.org\/{rel}","templated":true}]}}